{"id":2907,"date":"2026-03-09T18:55:59","date_gmt":"2026-03-09T18:55:59","guid":{"rendered":"https:\/\/itotkd.org\/?page_id=2907"},"modified":"2026-03-09T18:55:59","modified_gmt":"2026-03-09T18:55:59","slug":"la-conclusion-actual","status":"publish","type":"page","link":"https:\/\/itotkd.org\/?page_id=2907","title":{"rendered":"La conclusion actual"},"content":{"rendered":"<p><img loading=\"lazy\" decoding=\"async\" class=\"aligncenter size-medium wp-image-2905\" src=\"https:\/\/itotkd.org\/wp-content\/uploads\/distintos-logos--296x300.jpeg\" alt=\"\" width=\"296\" height=\"300\" srcset=\"https:\/\/itotkd.org\/wp-content\/uploads\/distintos-logos--296x300.jpeg 296w, https:\/\/itotkd.org\/wp-content\/uploads\/distintos-logos--1010x1024.jpeg 1010w, https:\/\/itotkd.org\/wp-content\/uploads\/distintos-logos--768x778.jpeg 768w, https:\/\/itotkd.org\/wp-content\/uploads\/distintos-logos-.jpeg 1263w\" sizes=\"auto, (max-width: 296px) 100vw, 296px\" \/><\/p>\n<p>El tiempo inexorablemente pasa y con \u00e9l la repetici\u00f3n de hechos que confirman el aceptado uso de aquello que se ha tratado de evitar a toda costa.<\/p>\n<p>En cada una de las innumerables entrevistas que le hicieran al Gral. Choi Hong Hi y que yo lo asistiera traduci\u00e9ndolas, \u00e9l se ufanaba de las condiciones en las que su arte se hab\u00eda desarrollado y diseminado por todo el planeta.<\/p>\n<p>\u201cContrastando con otras artes marciales, Taekwon-Do est\u00e1 edificado administrativamente dentro de una sola entidad. Su desarrollo t\u00e9cnico es \u00fanico y sus ejecuciones son iguales en todo el mundo, a diferencia de otras artes que solo conservan unificado el nombre pero sus formas son diferentes como as\u00ed tambi\u00e9n sus sistemas pedag\u00f3gicos\u201d sol\u00eda repetir.<\/p>\n<p>Lo descrito, produc\u00eda en el fundador un regocijo particular porque \u00e9l hab\u00eda sido un gran art\u00edfice de esa unidad de criterios con sus constantes viajes por el mundo para obtener ese resultado.<\/p>\n<p>Su fallecimiento desat\u00f3 infinidad de controversias que desde el primer momento pusieron al arte en un incesante tembladeral. Nacieron innumerables entidades con el mismo nombre pero matizadas con alg\u00fan adjetivo que les permit\u00eda diferenciarse del resto. Esa diferencia en los calificativos agregados tambi\u00e9n se aplicaba en el sistema pedag\u00f3gico, en la biomec\u00e1nica de sus movimientos, en sus facetas deportivas, en los uniformes y \u00faltimamente tambi\u00e9n en el disparatado y pol\u00edtico cambio de nombre de la forma m\u00e1s emblem\u00e1tica de las 24 que componen el arte (Tong Il).<\/p>\n<p>Todas dicen ser, pero ninguna lo es. Me refiero a la entidad que se supon\u00eda se heredar\u00eda. Hubo quienes hemos hecho ingentes esfuerzos para que esto no sucediese, pero es evidente que no ha sido suficiente.<\/p>\n<p>Esfuerzos porque como en mi caso y despu\u00e9s de haber asistido al fundador en m\u00e1s de diez seminarios internacionales para Danes y habiendo recibido directamente de su mano las instrucciones sobre la biomec\u00e1nica a utilizar y la directiva de \u201cconserven las formas sin modificarlas\u201d, es duro tener que formar parte de este presente que contradice a todas luces su legado y deseos sobre su obra.<\/p>\n<p>Como conclusi\u00f3n, creo oportuno mencionar que de acuerdo al tiempo transcurrido desde la desaparici\u00f3n f\u00edsica del \u00fanico con poder unificador, la actualidad demanda la aceptaci\u00f3n de hechos que con el tiempo se han convertido en irreducibles.<\/p>\n<p>\u00bfCu\u00e1l de todas las entidades existentes se puede arrogar ser aquella que fund\u00f3 y presidi\u00f3 Choi Hong Hi?\u00a0 Ninguna.<\/p>\n<p>No obstante es necesario aceptar que todas y a su manera defienden el \u201cestilo\u201d. Que ninguna de ellas ha aceptado lo que se propone desde lo llamado fon\u00e9ticamente con el mismo nombre, porque su biomec\u00e1nica e intensi\u00f3n nada tienen que ver con lo propuesto por el Fundador por m\u00e1s deporte ol\u00edmpico que se lo considere.<\/p>\n<p>Que la unificaci\u00f3n con esa actividad deportiva cuya separaci\u00f3n lleva la friolera de 53 a\u00f1os, ha sido y es una conveniente utop\u00eda utilizada exclusivamente con fines pol\u00edticos y econ\u00f3micos.<\/p>\n<p>Parafraseando un dicho jur\u00eddico que dice que el tiempo que pasa es la verdad que huye, me gustar\u00eda apropiar la frase a nuestra actividad diciendo que el tiempo que pasa es la unificaci\u00f3n que huye.<\/p>\n<p>Si quienes decimos responder a los mandatos biomec\u00e1nicos, sist\u00e9micos y pedag\u00f3gicos del Gral. Choi Hong Hi, nos congregamos en instituciones de dif\u00edcil unificaci\u00f3n entre ellas; ensamblarse con quienes solo comparten la fon\u00e9tica de un nombre, resulta inimaginable.<\/p>\n<p>Definitivamente Taekwon-Do no es lo mismo que Taekwondo.<\/p>\n<p>En el caso de las innumerables entidades que dicen responder a los designios del Gral Choi tenemos la siguiente conclusi\u00f3n dicha ya muchas veces, pero de una innegable necesidad de recordatorio:<\/p>\n<p>El uniforme (dobok) es \u00fanico de cada entidad. La biomec\u00e1nica es \u00fanica de cada entidad. Las reglas deportivas son \u00fanicas de cada entidad. El sistema pedag\u00f3gico es \u00fanico en cada entidad tanto como los sistemas de promoci\u00f3n, que han rendido culto a la inocultable voracidad econ\u00f3mica.<\/p>\n<p>Para dejar de nadar contra la corriente, es necesario aceptar esta realidad que nos cobija y luchar por cada una de las entidades que nos representan y congregan.<\/p>\n<p>Al igual que con los equipos de futbol, todos juegan con la misma pelota un mismo tipo de disciplina deportiva, pero defienden los particulares colores de sus emblemas y entidades.<\/p>\n<p>En esta universal diversidad institucional, ITO (International Taekwon-Do Organization) es una Entidad internacional que sigue difundiendo el Taekwon-Do del Gral. Choi Hong Hi sin modificaciones sin caprichosas modificaciones t\u00e9cnicas, pero de puertas abiertas a la integraci\u00f3n con aquellas entidades que sigan los mismos criterios. Gracias por su tiempo.<\/p>\n<p><strong><em>SGM Ricardo Desimone<\/em><\/strong><\/p>\n","protected":false},"excerpt":{"rendered":"<p>El tiempo inexorablemente pasa y con \u00e9l la repetici\u00f3n de hechos que confirman el aceptado uso de aquello que se ha tratado de evitar a toda costa. En cada una de las innumerables entrevistas que le hicieran al Gral. Choi &hellip; <a href=\"https:\/\/itotkd.org\/?page_id=2907\">Sigue leyendo <span class=\"meta-nav\">&rarr;<\/span><\/a><\/p>\n","protected":false},"author":1,"featured_media":0,"parent":94,"menu_order":0,"comment_status":"closed","ping_status":"closed","template":"","meta":{"footnotes":""},"class_list":["post-2907","page","type-page","status-publish","hentry"],"_links":{"self":[{"href":"https:\/\/itotkd.org\/index.php?rest_route=\/wp\/v2\/pages\/2907","targetHints":{"allow":["GET"]}}],"collection":[{"href":"https:\/\/itotkd.org\/index.php?rest_route=\/wp\/v2\/pages"}],"about":[{"href":"https:\/\/itotkd.org\/index.php?rest_route=\/wp\/v2\/types\/page"}],"author":[{"embeddable":true,"href":"https:\/\/itotkd.org\/index.php?rest_route=\/wp\/v2\/users\/1"}],"replies":[{"embeddable":true,"href":"https:\/\/itotkd.org\/index.php?rest_route=%2Fwp%2Fv2%2Fcomments&post=2907"}],"version-history":[{"count":1,"href":"https:\/\/itotkd.org\/index.php?rest_route=\/wp\/v2\/pages\/2907\/revisions"}],"predecessor-version":[{"id":2908,"href":"https:\/\/itotkd.org\/index.php?rest_route=\/wp\/v2\/pages\/2907\/revisions\/2908"}],"up":[{"embeddable":true,"href":"https:\/\/itotkd.org\/index.php?rest_route=\/wp\/v2\/pages\/94"}],"wp:attachment":[{"href":"https:\/\/itotkd.org\/index.php?rest_route=%2Fwp%2Fv2%2Fmedia&parent=2907"}],"curies":[{"name":"wp","href":"https:\/\/api.w.org\/{rel}","templated":true}]}}