{"id":2901,"date":"2026-02-03T14:03:00","date_gmt":"2026-02-03T14:03:00","guid":{"rendered":"https:\/\/itotkd.org\/?page_id=2901"},"modified":"2026-02-03T14:03:00","modified_gmt":"2026-02-03T14:03:00","slug":"a-tener-en-consideracion","status":"publish","type":"page","link":"https:\/\/itotkd.org\/?page_id=2901","title":{"rendered":"A tener en consideraci\u00f3n"},"content":{"rendered":"<p><img loading=\"lazy\" decoding=\"async\" class=\"aligncenter  wp-image-2898\" src=\"https:\/\/itotkd.org\/wp-content\/uploads\/foto-Choi-Hong-Hi-en-Tong-Il-565x1024.jpeg\" alt=\"\" width=\"155\" height=\"273\" \/><\/p>\n<p>El tiempo nunca pasa en vano. Un pensamiento, intenci\u00f3n o pretensi\u00f3n no necesariamente debe ser aceptado como cierto por el solo hecho de ser repetido medi\u00e1ticamente incansables veces.<\/p>\n<p>Un individuo de nombre Joseph Goebbels ministro de propaganda del nazismo (1933 \u2013 1945) impuso para el logro de sus fines la famosa frase de miente, miente que siempre algo queda.<\/p>\n<p>Afortunadamente las sociedades del mundo han dado prioridad en todos los campos a la capacitaci\u00f3n y el conocimiento por encima de la sola habilidad f\u00edsica o la pertenencia racial o religiosa. Estos \u00faltimos factores si bien existen, imponen fronteras que limitan \u00a0la interrelaci\u00f3n global entre los seres que habitamos el planeta. De hecho el Fundador de la disciplina en la cual nos desarrollamos, imperativamente pregonaba la necesidad de evitar esos perjudiciales factores porque influyen negativamente para el crecimiento, desarrollo y evoluci\u00f3n del arte que nos ocupa.<\/p>\n<p>Comentar acerca de la no existencia de una \u00fanica entidad que agrupe a los practicantes resulta improcedente por cuanto se ha escrito hasta el cansancio sobre el particular. Es m\u00e1s, la sola menci\u00f3n de la cantidad de entidades que se proclaman a s\u00ed mismas como regentes de la actividad, confirma la inexistencia de esa necesaria \u00fanica Entidad que ha dejado de congregarnos con el fallecimiento de su creador Gral. Choi Hong Hi.<\/p>\n<p>Su legado no es una administraci\u00f3n sino un sistema de transferencia del conocimiento que \u00e9l desarroll\u00f3 y sistematiz\u00f3 para el uso de los habitantes del planeta. Hablaba siempre de esos factores que \u00e9l consideraba no obligatorios ni necesarios por ser un impedimento para el desarrollo y el alcance global. As\u00ed insist\u00eda verbalmente y en sus escritos (Enciclopedia y sus memorias). La pertenencia racial,\u00a0 religiosa o gubernamental de su arte conllevar\u00eda ser utilizado con fines pol\u00edticos. Una cosa es que un pa\u00eds lo incluya y reconozca dentro de sus actividades (pedag\u00f3gicas, deportivas o de beneficio social) y otra muy diferente es que un pa\u00eds centralice el manejo de esa actividad, que por lo general siempre termina siendo utilizado pol\u00edticamente y desvirtuando la actividad en\u00a0 s\u00ed misma.<\/p>\n<p>Hay adjetivos que se est\u00e1n usando indiscriminadamente para atraer adeptos pero sin autenticidad alguna.<\/p>\n<p>Entre ellos podemos mencionar que el arte que dicen ense\u00f1ar, administrar y proteger es \u201coriginal\u201d u \u201coficial\u201d.<\/p>\n<p>Considero ilustrativo y beneficioso desentra\u00f1ar el significado de cada uno de estos adjetivos, para poner sobre el tapete el alcance y veracidad de los mismos.<\/p>\n<p>Reza el diccionario:<\/p>\n<p><strong>\u201cOriginal\u201d: <\/strong>1) Perteneciente o relativo al origen. 2) Dicho de una obra cient\u00edfica, art\u00edstica, literaria o de cualquier otro g\u00e9nero: Que resulta de la inventiva de su autor.<\/p>\n<p><strong>\u201cOficial\u201d<\/strong> : 1) que emana de la autoridad del estado. 2) Dicho de una instituci\u00f3n, de un edificio, de un centro de ense\u00f1anza, etc\u00e9tera que se sufraga con fondos p\u00fablicos y est\u00e1 bajo la dependencia del Estado.<\/p>\n<p>Con relaci\u00f3n al uso del adjetivo \u201c<strong>original<\/strong>\u201d se puede decir que mientras se utilice lo ense\u00f1ado por su autor <u>sistem\u00e1ticamente y sin modificaciones<\/u> es posible y con reparos, \u00a0hacer uso de \u00e9l publicitariamente. No obstante es conveniente dejar establecido que esto no coincide con lo usado en los lugares de ense\u00f1anza.<\/p>\n<p>Mirado desde otro \u00e1ngulo tampoco es apropiado el uso del adjetivo <u>original<\/u> por cuanto el Taekwon-Do que impulsara el Gral. Choi en los a\u00f1os 80\u2019s y 90\u2019s\u00a0 hasta el 2002, no tiene similitud con lo difundido en los a\u00f1os 60\u2019s y 70\u2019s. Claro que para apreciar las marcadas diferencias existentes entre ambos periodos se tiene que haber estado, como es mi caso, en esos a\u00f1os.<\/p>\n<p>Es tambi\u00e9n curioso que quienes pregonan tal originalidad han sido los \u00faltimos en adherir a la propuesta federativa ya existente y nacida en otro lugar geogr\u00e1fico del que se pretende que ahora pertenezca.<\/p>\n<p>En lo referente al adjetivo \u201c<u>oficial<\/u>\u201d resulta inapropiado su uso si no se tiene, como reza el diccionario, el reconocimiento y apoyo econ\u00f3mico de los fondos p\u00fablicos del estado que dice representar y la dependencia del mismo. Este hecho es muy importante porque frente a compromisos deportivos o de capacitaci\u00f3n,\u00a0 los representantes deber\u00edan tener cubiertos los costos que demanda tal presencia con fondos del estado que dicen representar (pago de hoteler\u00eda, pasajes y alimentaci\u00f3n). Como tal cosa no es lo que sucede, el uso del adjetivo oficial resulta doloso.<\/p>\n<p>Las utilizaciones de adjetivos que abundan en los medios de comunicaci\u00f3n son muchas y no son inofensivas ni deben aceptarse como naturales. Son simulaciones de respaldos inexistentes, orientados solo a la captaci\u00f3n de miembros.<\/p>\n<p>Ha habido un tema imposible de obviar y cuya repercusi\u00f3n puso a considerar lo irrespetuoso e imprudente del intento porque afecta la integridad de la obra del fundador. Se ha pretendido modificar el nombre de la forma (tul) m\u00e1s emblem\u00e1tica de las 24 existentes (Tong Il).<\/p>\n<p>Para llevar a cabo tal argucia, se publicit\u00f3 el inexistente deseo y requerimiento de los familiares del Gral. Choi Hong Hi de ejecutar tal modificaci\u00f3n.<\/p>\n<p>La familia del Fundador ha dejado establecido por escrito y en los medios sociales que tal cosa no es verdad y que considera un atrevimiento y falta de respeto el intento de llevar a cabo ese hecho.<\/p>\n<p>Es imperativo tener en consideraci\u00f3n lo detallado en esta nota porque la intensi\u00f3n pol\u00edtica de la entidad que est\u00e1 llevando a cabo tales hechos (uso indebido de adjetivos y modificaciones no autorizadas) tiene fines recaudatorios y\u00a0 pol\u00edticos exclusivamente. Gracias por su tiempo<\/p>\n<p><strong>SGM Ricardo Desimone<\/strong><\/p>\n<p><span style=\"color: #0000ff;\"><strong>Para estar actualizado lea nuevamente las notas anteriores<\/strong><\/span><\/p>\n<p>&nbsp;<\/p>\n","protected":false},"excerpt":{"rendered":"<p>El tiempo nunca pasa en vano. Un pensamiento, intenci\u00f3n o pretensi\u00f3n no necesariamente debe ser aceptado como cierto por el solo hecho de ser repetido medi\u00e1ticamente incansables veces. Un individuo de nombre Joseph Goebbels ministro de propaganda del nazismo (1933 &hellip; <a href=\"https:\/\/itotkd.org\/?page_id=2901\">Sigue leyendo <span class=\"meta-nav\">&rarr;<\/span><\/a><\/p>\n","protected":false},"author":1,"featured_media":0,"parent":94,"menu_order":0,"comment_status":"closed","ping_status":"closed","template":"","meta":{"footnotes":""},"class_list":["post-2901","page","type-page","status-publish","hentry"],"_links":{"self":[{"href":"https:\/\/itotkd.org\/index.php?rest_route=\/wp\/v2\/pages\/2901","targetHints":{"allow":["GET"]}}],"collection":[{"href":"https:\/\/itotkd.org\/index.php?rest_route=\/wp\/v2\/pages"}],"about":[{"href":"https:\/\/itotkd.org\/index.php?rest_route=\/wp\/v2\/types\/page"}],"author":[{"embeddable":true,"href":"https:\/\/itotkd.org\/index.php?rest_route=\/wp\/v2\/users\/1"}],"replies":[{"embeddable":true,"href":"https:\/\/itotkd.org\/index.php?rest_route=%2Fwp%2Fv2%2Fcomments&post=2901"}],"version-history":[{"count":1,"href":"https:\/\/itotkd.org\/index.php?rest_route=\/wp\/v2\/pages\/2901\/revisions"}],"predecessor-version":[{"id":2902,"href":"https:\/\/itotkd.org\/index.php?rest_route=\/wp\/v2\/pages\/2901\/revisions\/2902"}],"up":[{"embeddable":true,"href":"https:\/\/itotkd.org\/index.php?rest_route=\/wp\/v2\/pages\/94"}],"wp:attachment":[{"href":"https:\/\/itotkd.org\/index.php?rest_route=%2Fwp%2Fv2%2Fmedia&parent=2901"}],"curies":[{"name":"wp","href":"https:\/\/api.w.org\/{rel}","templated":true}]}}