{"id":2894,"date":"2025-11-21T18:12:45","date_gmt":"2025-11-21T18:12:45","guid":{"rendered":"https:\/\/itotkd.org\/?page_id=2894"},"modified":"2025-11-21T18:12:54","modified_gmt":"2025-11-21T18:12:54","slug":"es-la-raza-un-condicionante","status":"publish","type":"page","link":"https:\/\/itotkd.org\/?page_id=2894","title":{"rendered":"\u00bfEs la raza un condicionante?"},"content":{"rendered":"<p><img loading=\"lazy\" decoding=\"async\" class=\"aligncenter wp-image-2892\" src=\"https:\/\/itotkd.org\/wp-content\/uploads\/foto-nota-es-la-raza-un-determinante.jpg\" alt=\"\" width=\"607\" height=\"88\" \/><\/p>\n<p>En una discusi\u00f3n banal acerca de los diferentes or\u00edgenes que suelen apoyar una informaci\u00f3n, pude corroborar lo que he sabido ayer, parafraseando un poema y que termina siendo totalmente cierto.<\/p>\n<p>Si bien el tema que se estaba tratando no ten\u00eda nada que ver con nuestra actividad, me fue imposible evitar relacionarlo con la materia que nos convoca.<\/p>\n<p>La informaci\u00f3n, base fundamental de la teor\u00eda y su puesta en marcha, identifica la pr\u00e1ctica y ejecuci\u00f3n de un movimiento. En nuestro caso es el uso de las t\u00e9cnicas del Arte del Taekwon-Do perge\u00f1ado por el Gral. Choi Hong Hi. La informaci\u00f3n est\u00e1 sustentada por la investigaci\u00f3n y posterior puesta en marcha de leyes cient\u00edficas que le permitieron al Fundador ubicar a su criatura como una biomec\u00e1nica \u00fanica en el espectro de las artes marciales.<\/p>\n<p>Si bien la misma ha sido bastardeada infinidad de veces por infinidad de personajes que alimentaron la confusi\u00f3n, es factible rescatar el original siempre y cuando se sigan unos pocos par\u00e1metros cient\u00edficos relativos a la estructura del cuerpo humano. Todav\u00eda hoy y a pesar de la inteligencia artificial, el manejo del balance, la traslaci\u00f3n del peso corporal y el uso de detalles biomec\u00e1nicos permiten tener una relaci\u00f3n estricta con la naturaleza de nuestro cuerpo.<\/p>\n<p>Conocer su estructura, la ubicaci\u00f3n de sus \u00f3rganos y el mapa de sus puntos cr\u00edticos, nos permitir\u00e1 razonar con meridiana precisi\u00f3n los mecanismos que alimentan ataques y defensas. Para quienes consideran la faceta deportiva como el todo, ese conocimiento les permitir\u00e1 entender las razones de las protecciones y las limitaciones en los contactos. Para quienes no se obsesionan ni se restringen al campo del deporte, les permitir\u00e1 solidificar su defensa personal.<\/p>\n<p>Ahora bien, tanto en un \u00e1rea como en la otra puede entenderse la necesidad inevitable de la informaci\u00f3n, del conocimiento, para no depender del grotesco campo del rebusque, la imaginaci\u00f3n y el invento.<\/p>\n<p>En nuestro terreno, la informaci\u00f3n suele tomarse de distintos or\u00edgenes ya preestablecidos, algunos de ellos modernizados por el uso y avance de la tecnolog\u00eda. Libros, videos, cursos y por supuesto las necesarias ganas de proveerse del valioso contenido, ser\u00e1n los elementos b\u00e1sicos necesarios para armar nuestro bagaje informativo relativo al conocimiento. Esto es inherente a todas las latitudes de nuestro planeta. Este \u00faltimo detalle nos permitir\u00e1 entender a cabalidad lo universal de la informaci\u00f3n cient\u00edficamente corroborada y aceptada como fidedigna.<\/p>\n<p>Normalmente suele encontrarse una diversidad racial en toda asistencia a las aulas universitarias sin que ninguno de los componentes \u00e9tnicos que forman esa pluralidad de muestras de inevitable superioridad con relaci\u00f3n a los dem\u00e1s. Esto significa que la informaci\u00f3n fidedigna y aprobada como tal, es universal y sin condiciones raciales se la debe incorporar. Hoy por hoy, en nuestro arte y despu\u00e9s de muchos a\u00f1os de deambular por el mundo puede decirse que el mayor porcentaje de Instructores pertenece a los nacionales oriundos de cada uno de los pa\u00edses que alimentan con su membrec\u00eda las distintas entidades que conforman la diversidad institucional que nos envuelve.<\/p>\n<p>Sin embargo y a pesar de ser estrictamente cierto lo dicho precedentemente, hay quienes siguen creyendo que la ense\u00f1anza en manos orientales es mejor. La raza para algunas personas constituye una necesidad de misticismo que justifica su genuflexi\u00f3n a pesar de no recibir informaci\u00f3n por parte de esa raza que justifique semejante sumisi\u00f3n. El futbol fue inventado y desarrollado por ingleses, sin embargo no son de esa nacionalidad los mejores exponentes ni es Inglaterra la entidad que regentea ese deporte.<\/p>\n<p>El Judo y a pesar de haber sido desarrollado en Jap\u00f3n, est\u00e1 regido por la FIJ (Federaci\u00f3n Internacional de Judo) con sede en Budapest Hungr\u00eda.<\/p>\n<p>Lo m\u00e1s interesante del caso es que nuestro Fundador, Gral. Choi Hong Hi, insisti\u00f3 permanentemente en la universalidad de su creaci\u00f3n y la no dependencia de su arte de ning\u00fan pa\u00eds o r\u00e9gimen que lo pueda utilizar para sus fines pol\u00edticos. Sin embargo hoy por hoy se exhorta a depender de un pa\u00eds y de una raza por razones que quiz\u00e1s pudiesen ser pol\u00edticamente explicables para la gente de ese pa\u00eds, de ese r\u00e9gimen y de esa raza o para la gente que tiene la infundada necesidad de secundar tal cosa. Sin embargo desde el conocimiento no hay razones para tal dependencia. Siempre la reflexi\u00f3n y el pensar sobre este tema es el medio id\u00f3neo que permitir\u00e1 evitar ser atrapados por oscuras conveniencias ajenas.<\/p>\n<p><strong><em>SGM Ricardo Desimone<\/em><\/strong><\/p>\n","protected":false},"excerpt":{"rendered":"<p>En una discusi\u00f3n banal acerca de los diferentes or\u00edgenes que suelen apoyar una informaci\u00f3n, pude corroborar lo que he sabido ayer, parafraseando un poema y que termina siendo totalmente cierto. Si bien el tema que se estaba tratando no ten\u00eda &hellip; <a href=\"https:\/\/itotkd.org\/?page_id=2894\">Sigue leyendo <span class=\"meta-nav\">&rarr;<\/span><\/a><\/p>\n","protected":false},"author":1,"featured_media":0,"parent":94,"menu_order":0,"comment_status":"closed","ping_status":"closed","template":"","meta":{"footnotes":""},"class_list":["post-2894","page","type-page","status-publish","hentry"],"_links":{"self":[{"href":"https:\/\/itotkd.org\/index.php?rest_route=\/wp\/v2\/pages\/2894","targetHints":{"allow":["GET"]}}],"collection":[{"href":"https:\/\/itotkd.org\/index.php?rest_route=\/wp\/v2\/pages"}],"about":[{"href":"https:\/\/itotkd.org\/index.php?rest_route=\/wp\/v2\/types\/page"}],"author":[{"embeddable":true,"href":"https:\/\/itotkd.org\/index.php?rest_route=\/wp\/v2\/users\/1"}],"replies":[{"embeddable":true,"href":"https:\/\/itotkd.org\/index.php?rest_route=%2Fwp%2Fv2%2Fcomments&post=2894"}],"version-history":[{"count":1,"href":"https:\/\/itotkd.org\/index.php?rest_route=\/wp\/v2\/pages\/2894\/revisions"}],"predecessor-version":[{"id":2895,"href":"https:\/\/itotkd.org\/index.php?rest_route=\/wp\/v2\/pages\/2894\/revisions\/2895"}],"up":[{"embeddable":true,"href":"https:\/\/itotkd.org\/index.php?rest_route=\/wp\/v2\/pages\/94"}],"wp:attachment":[{"href":"https:\/\/itotkd.org\/index.php?rest_route=%2Fwp%2Fv2%2Fmedia&parent=2894"}],"curies":[{"name":"wp","href":"https:\/\/api.w.org\/{rel}","templated":true}]}}