{"id":2859,"date":"2024-12-18T19:20:56","date_gmt":"2024-12-18T19:20:56","guid":{"rendered":"https:\/\/itotkd.org\/?page_id=2859"},"modified":"2024-12-18T19:21:11","modified_gmt":"2024-12-18T19:21:11","slug":"la-solucion-una-sola-entidad","status":"publish","type":"page","link":"https:\/\/itotkd.org\/?page_id=2859","title":{"rendered":"La soluci\u00f3n: UNA SOLA ENTIDAD"},"content":{"rendered":"<p><img loading=\"lazy\" decoding=\"async\" class=\"aligncenter size-full wp-image-2860\" src=\"https:\/\/itotkd.org\/wp-content\/uploads\/unica-entidad-unica-solucion-1.jpg\" alt=\"\" width=\"230\" height=\"287\" \/><\/p>\n<p>Hablar del da\u00f1o que ha producido la atomizaci\u00f3n institucional del Taekwon-Do ser\u00eda una verdad reiterativa.<\/p>\n<p>En una nota publicada en Facebook con una autor\u00eda que no logro recordar, se describ\u00eda detalladamente la cantidad de entidades que utilizando la misma sigla dicen ense\u00f1ar el Taekwon-Do del Gral. Choi.<\/p>\n<p>Si mal no recuerdo la suma alcanzaba a describir 48 e inclu\u00eda el nombre y grado de quienes las presid\u00edan. Entre ellas estaba contenida ITO, entidad internacional que he fundado en 2013 y que actualmente presido. Si bien ITO no hace uso de la sigla que globalmente es utilizada por las 47 restantes, s\u00ed ense\u00f1a estrictamente lo legado por el Fundador de la disciplina por haberlo recibido yo directamente de manos de \u00e9l sin intermediario alguno. Los detalles sobre el particular se pueden obtener en <a href=\"http:\/\/www.itotkd.org\">www.itotkd.org<\/a><\/p>\n<p>Sab\u00eda que hab\u00eda muchas entidades que se atribuyen ense\u00f1ar lo dictado por el General pero no imaginaba que fueran tantas y en este mismo contexto las que est\u00e1n por venir. Todas afirman hacerlo, pero ninguna de ellas sigue sus ense\u00f1anzas. Me refiero a ser la federaci\u00f3n que presid\u00eda Choi Hong Hi. Las razones son obvias y fueron explicadas en reiteradas ocasiones. M\u00e1s all\u00e1 de las diferencias biomec\u00e1nicas con relaci\u00f3n al original, el problema empieza a agravarse debido a la cantidad de entidades que se disputan el manejo del alumnado, el sistema de ascensos, los tiempos que se aplican entre rangos y el costo de estas promociones. Algunos recordatorios se hacen necesarios para razonar la gravedad que nos acosa y entender a que llamamos el legado del Gral. Choi Hong Hi:<\/p>\n<ol>\n<li>Es necesario utilizar <strong>EL SISTEMA<\/strong> desarrollado por el Fundador. Esto debe hacerse en todos sus aspectos y no solo en alguno de ellos y a conveniencia: <strong><u>La metodolog\u00eda pedag\u00f3gica no debe alterarse<\/u><\/strong> (sistema de precalentamiento, biomec\u00e1nica corporal, filosof\u00eda, uniforme a utilizar, el tiempo y capacitaci\u00f3n requeridos en la escala de grados a otorgar, protocolos a seguir y el sistema deportivo a utilizar).<\/li>\n<li><strong><u>Nadie<\/u><\/strong> puede ocupar compulsoriamente el lugar que ocupaba el Fundador sin la anuencia y apoyo del resto, por lo tanto son solo regentes de empresas privadas.<\/li>\n<li>El arte <strong><u>no debe depender de ning\u00fan pa\u00eds ni r\u00e9gimen<\/u><\/strong> porque as\u00ed fue designado por el propio Gral Choi y dicho hasta el cansancio en innumerables seminarios y reportajes que le han hecho. Esto adem\u00e1s fue puesto por escrito en su bibliograf\u00eda y en sus memorias.<\/li>\n<li>Afortunadamente todav\u00eda existen personas de alto rango que como en mi caso, hemos sido sus alumnos directos y <strong><u>podemos atestiguar esta verdad<\/u><\/strong>.<\/li>\n<li>Muchos reportajes que le hicieron han sido grabados y filmados y <strong><u>sirven para refrendar lo dicho<\/u><\/strong>.<\/li>\n<li>El General se ufanaba de la existencia de una entidad \u00fanica que conten\u00eda su arte \u00fanico, con una \u00fanica biomec\u00e1nica y un \u00fanico sistema pedag\u00f3gico para transferir el conocimiento a las siguientes generaciones de practicantes. <strong><u>Las ambiciones empresariales y la desaprensi\u00f3n<\/u><\/strong> han hecho todo lo contrario.<\/li>\n<\/ol>\n<p>La cantidad de torneos mundiales, continentales, nacionales, provinciales y hasta barriales es abrumadora, sin embargo y debido a la diversidad institucional, los \u00e9xitos logrados en ellos solo cuentan para la entidad que patrocina cada evento.<\/p>\n<p>Ante la ef\u00edmera posibilidad de una fusi\u00f3n con el Taekwondo Ol\u00edmpico, es necesario tener presente que <strong><u>ninguna<\/u><\/strong> de las 48 mencionadas <strong><u>tiene preeminencia<\/u><\/strong> sobre el resto, en el caso de una supuesta y m\u00e1s que improbable negociaci\u00f3n.<\/p>\n<p>La unidad institucional es la \u00fanica forma posible de preservar el legado y dar coherencia a la actual venta de cartones. Una sola entidad es el \u00fanico medio posible para regular la actividad.<\/p>\n<p>El viejo dicho popular de la unidad hace a la fuerza, anda a los gritos por ah\u00ed pero aparentemente nadie lo escucha o lo que es peor, parece ser que nadie lo quiere escuchar, por aquello de \u201cno hay peor sordo que aquel que no quiere o\u00edr\u201d.<\/p>\n<p><strong><em>SGM Ricardo Desimone<\/em><\/strong><\/p>\n<p><span style=\"color: #3366ff;\"><strong>Para estar actualizado vuelva a leer las notas anteriores<\/strong><\/span><\/p>\n","protected":false},"excerpt":{"rendered":"<p>Hablar del da\u00f1o que ha producido la atomizaci\u00f3n institucional del Taekwon-Do ser\u00eda una verdad reiterativa. En una nota publicada en Facebook con una autor\u00eda que no logro recordar, se describ\u00eda detalladamente la cantidad de entidades que utilizando la misma sigla &hellip; <a href=\"https:\/\/itotkd.org\/?page_id=2859\">Sigue leyendo <span class=\"meta-nav\">&rarr;<\/span><\/a><\/p>\n","protected":false},"author":1,"featured_media":0,"parent":94,"menu_order":0,"comment_status":"closed","ping_status":"closed","template":"","meta":{"footnotes":""},"class_list":["post-2859","page","type-page","status-publish","hentry"],"_links":{"self":[{"href":"https:\/\/itotkd.org\/index.php?rest_route=\/wp\/v2\/pages\/2859","targetHints":{"allow":["GET"]}}],"collection":[{"href":"https:\/\/itotkd.org\/index.php?rest_route=\/wp\/v2\/pages"}],"about":[{"href":"https:\/\/itotkd.org\/index.php?rest_route=\/wp\/v2\/types\/page"}],"author":[{"embeddable":true,"href":"https:\/\/itotkd.org\/index.php?rest_route=\/wp\/v2\/users\/1"}],"replies":[{"embeddable":true,"href":"https:\/\/itotkd.org\/index.php?rest_route=%2Fwp%2Fv2%2Fcomments&post=2859"}],"version-history":[{"count":1,"href":"https:\/\/itotkd.org\/index.php?rest_route=\/wp\/v2\/pages\/2859\/revisions"}],"predecessor-version":[{"id":2861,"href":"https:\/\/itotkd.org\/index.php?rest_route=\/wp\/v2\/pages\/2859\/revisions\/2861"}],"up":[{"embeddable":true,"href":"https:\/\/itotkd.org\/index.php?rest_route=\/wp\/v2\/pages\/94"}],"wp:attachment":[{"href":"https:\/\/itotkd.org\/index.php?rest_route=%2Fwp%2Fv2%2Fmedia&parent=2859"}],"curies":[{"name":"wp","href":"https:\/\/api.w.org\/{rel}","templated":true}]}}