{"id":2833,"date":"2024-08-19T18:20:45","date_gmt":"2024-08-19T18:20:45","guid":{"rendered":"https:\/\/itotkd.org\/?page_id=2833"},"modified":"2024-08-19T18:20:45","modified_gmt":"2024-08-19T18:20:45","slug":"la-verdad-en-los-pies","status":"publish","type":"page","link":"https:\/\/itotkd.org\/?page_id=2833","title":{"rendered":"La verdad en los pies"},"content":{"rendered":"<p><img loading=\"lazy\" decoding=\"async\" class=\"aligncenter size-full wp-image-2834\" src=\"https:\/\/itotkd.org\/wp-content\/uploads\/foto-la-verdad-en-los-pies-1.jpg\" alt=\"\" width=\"398\" height=\"239\" srcset=\"https:\/\/itotkd.org\/wp-content\/uploads\/foto-la-verdad-en-los-pies-1.jpg 398w, https:\/\/itotkd.org\/wp-content\/uploads\/foto-la-verdad-en-los-pies-1-300x180.jpg 300w\" sizes=\"auto, (max-width: 398px) 100vw, 398px\" \/><\/p>\n<p>Infinidad de notas se han escrito y mucho se ha teorizado sobre la biomec\u00e1nica \u00fanica dise\u00f1ada por el Gral Choi Hong Hi.<\/p>\n<p>Normalmente se pone un gran acento en la posici\u00f3n de las manos y las posturas que deben asumirse en la ejecuci\u00f3n de las formas por \u00e9l dise\u00f1adas. En la mayor\u00eda de los casos se pone tanto \u00e9nfasis en el detalle que logran que el ejecutante desarrolle los movimientos con total rigidez y falto de naturalidad, por lo tanto, sin aplicaci\u00f3n pr\u00e1ctica del movimiento que con tanto esfuerzo desarroll\u00f3.<\/p>\n<p>Entre los tantos detalles que normalmente se transfieren en un seminario, siempre esta obviado lo que consideran un hecho menor, volver exactamente al lugar de partida en la ejecuci\u00f3n de las formas.<\/p>\n<p>Sobre el particular he escrito una nota anterior donde detallaba esta omisi\u00f3n aun en las competencias. All\u00ed se entrenan a Jueces para observar y reducir del puntaje general otorgado al 100% a cada uno de los competidores, las deficiencias que esos Jueces detectan en la ejecuci\u00f3n de la forma que eligieron y tambi\u00e9n con aquella que les ha sido designada. Sin embargo no se los entrena para usar el demerito en la puntuaci\u00f3n final a aquellos competidores que no retornan puntillosamente a su lugar de partida.<\/p>\n<p>Es este un detalle menor y por eso no se lo considera? Es evidente que de esa manera esta tratado, pero no, no es un detalle menor, digamos que gran porcentaje de las correcciones t\u00e9cnicas que se hacen en las posiciones de pies y manos, en los correctos enfrentamientos, uso de \u00e1ngulos y rotaciones est\u00e1n \u00edntimamente ligadas a este detalle considerado err\u00f3neamente menor. Usted ha intentado cumplir con este detalle?<\/p>\n<p>Si lo ha hecho seguramente habr\u00e1 notado desmoralizadoramente su falencia en este sentido, a punto tal que no en pocas ocasiones cintos negros de alto rango me preguntan si todas las formas empiezan y terminan en el mismo lugar o si solo algunas. Cuando mi respuesta es que todas las formas empiezan y finalizan en el mismo y exacto lugar, los lleva a revisiones de sus pr\u00e1cticas sin lograr en la mayor\u00eda de las veces un resultado satisfactorio. Me parece escuchar todav\u00eda la voz del General insisti\u00e9ndome sobre el particular y su enf\u00e1tico \u201calmost\u201d (casi) cuando esto no lo cumpl\u00eda. Si Usted est\u00e1 parado sobre posiciones que no responden a los par\u00e1metros preestablecidos su balance ser\u00e1 precario y su potencia en las manos se ver\u00e1 irremediablemente reducida. Esto significa que la fortaleza y efectividad de sus manos est\u00e1 dependiendo de sus pies.\u00a0 Se siente inestable al rotar? Pues salvo que haya Usted bebido antes de ejecutar la forma que se propuso, alguna posici\u00f3n con sus pies no est\u00e1 debidamente ejecutada para que esto suceda, especialmente despu\u00e9s de haber realizado esa rotaci\u00f3n muchas veces.<\/p>\n<p>Cuando todos se rasgan las vestiduras proclamando a diestra y siniestra que ense\u00f1an el Taekwon-Do del General Choi Hong Hi y luego caminan de una manera diferente a la establecida por \u00e9l, me pregunto c\u00f3mo van a desarrollar y ense\u00f1ar su Taekwon-Do si caminan diferente a lo propuesto.<\/p>\n<p>Cuando Usted ense\u00f1a a un principiante a moverse hacia los lados, le ense\u00f1a sobre que parte del pie debe rotar o lo deja que \u00e9l lo haga como le parece?\u00a0 En Saju Jirugui y Saju Maki Usted le tiene que ense\u00f1ar este detalle, donde estar\u00e1 incluido el aprendizaje e incorporaci\u00f3n de la onda sinusoidal vertical y horizontal. Si lo aprende ah\u00ed lo habr\u00e1 aprendido para todo el resto de las formas. Si Usted obvi\u00f3 este importante paso en su ense\u00f1anza, habr\u00e1 dejado al azar el desarrollo del alumno en sus desplazamientos, rotaciones a inestabilidades. \u00bfQuiere ser efectivo con sus manos?, revise el uso de sus pies.<\/p>\n<p><strong><em>SGM Ricardo Desimone<\/em><\/strong><\/p>\n","protected":false},"excerpt":{"rendered":"<p>Infinidad de notas se han escrito y mucho se ha teorizado sobre la biomec\u00e1nica \u00fanica dise\u00f1ada por el Gral Choi Hong Hi. Normalmente se pone un gran acento en la posici\u00f3n de las manos y las posturas que deben asumirse &hellip; <a href=\"https:\/\/itotkd.org\/?page_id=2833\">Sigue leyendo <span class=\"meta-nav\">&rarr;<\/span><\/a><\/p>\n","protected":false},"author":1,"featured_media":0,"parent":94,"menu_order":0,"comment_status":"closed","ping_status":"closed","template":"","meta":{"footnotes":""},"class_list":["post-2833","page","type-page","status-publish","hentry"],"_links":{"self":[{"href":"https:\/\/itotkd.org\/index.php?rest_route=\/wp\/v2\/pages\/2833","targetHints":{"allow":["GET"]}}],"collection":[{"href":"https:\/\/itotkd.org\/index.php?rest_route=\/wp\/v2\/pages"}],"about":[{"href":"https:\/\/itotkd.org\/index.php?rest_route=\/wp\/v2\/types\/page"}],"author":[{"embeddable":true,"href":"https:\/\/itotkd.org\/index.php?rest_route=\/wp\/v2\/users\/1"}],"replies":[{"embeddable":true,"href":"https:\/\/itotkd.org\/index.php?rest_route=%2Fwp%2Fv2%2Fcomments&post=2833"}],"version-history":[{"count":1,"href":"https:\/\/itotkd.org\/index.php?rest_route=\/wp\/v2\/pages\/2833\/revisions"}],"predecessor-version":[{"id":2835,"href":"https:\/\/itotkd.org\/index.php?rest_route=\/wp\/v2\/pages\/2833\/revisions\/2835"}],"up":[{"embeddable":true,"href":"https:\/\/itotkd.org\/index.php?rest_route=\/wp\/v2\/pages\/94"}],"wp:attachment":[{"href":"https:\/\/itotkd.org\/index.php?rest_route=%2Fwp%2Fv2%2Fmedia&parent=2833"}],"curies":[{"name":"wp","href":"https:\/\/api.w.org\/{rel}","templated":true}]}}