{"id":2775,"date":"2024-02-07T18:37:38","date_gmt":"2024-02-07T18:37:38","guid":{"rendered":"https:\/\/itotkd.org\/?page_id=2775"},"modified":"2024-02-07T18:38:04","modified_gmt":"2024-02-07T18:38:04","slug":"el-porque-del-sistema","status":"publish","type":"page","link":"https:\/\/itotkd.org\/?page_id=2775","title":{"rendered":"El porqu\u00e9 del sistema"},"content":{"rendered":"<p><img loading=\"lazy\" decoding=\"async\" class=\"aligncenter size-medium wp-image-2773\" src=\"https:\/\/itotkd.org\/wp-content\/uploads\/imagen-del-porque-del-sistema-220x300.jpg\" alt=\"\" width=\"220\" height=\"300\" srcset=\"https:\/\/itotkd.org\/wp-content\/uploads\/imagen-del-porque-del-sistema-220x300.jpg 220w, https:\/\/itotkd.org\/wp-content\/uploads\/imagen-del-porque-del-sistema.jpg 443w\" sizes=\"auto, (max-width: 220px) 100vw, 220px\" \/><\/p>\n<p>Mucho se ha hablado y se sigue hablando de las distintas formas de entrenamiento. La gran mayor\u00eda pone un \u00e9nfasis muy marcado en su aplicaci\u00f3n deportiva, dejando entrever la fantas\u00eda de lo exitoso de su aplicaci\u00f3n, volviendo por lo tanto a poner el carro delante del caballo. La manera excesiva de buscar el \u00e9xito deportivo ha llevado a modificar el sistema de entrenamiento y la forma de instruir la disciplina.<\/p>\n<p>En la actual manera de ense\u00f1ar se soslayan factores importantes para la evoluci\u00f3n del alumnado.<\/p>\n<p>Se ha dejado de lado la estad\u00edstica inequ\u00edvoca de que solo el 20% de los estudiantes est\u00e1n interesados en participar en la competencia deportiva. Este hecho nos marca que el 80% restante se ve obligado a \u00a0entrenar objetivos no buscados.<\/p>\n<p>Entre los factores que han dejado de considerarse en los entrenamientos e inclusive en los cursos y seminarios, est\u00e1n la edad y la estructura f\u00edsica de los estudiantes.<\/p>\n<p>Se les exige en muchas ocasiones logros que est\u00e1n imposibilitados de obtener: acrobacias con giros consecutivos y patadas repetitivas que utilizan en el sistema ol\u00edmpico del mismo nombre pero sin aplicaci\u00f3n pr\u00e1ctica en la defensa personal.<\/p>\n<p>Es dado ver como se han incorporado sin necesidad algunos sistemas de entrenamiento ajenos a este arte con la ilusi\u00f3n de mejorar el rendimiento del alumnado: saltar en gomas de carros o peque\u00f1os obst\u00e1culos en forma consecutiva, etc.<\/p>\n<p>El Gral. Choi hace referencia a la obligatoria necesidad de considerar las condiciones personales de cada individuo en el proceso de aprendizaje y desarrollo de las t\u00e9cnicas de Taekwon-Do, a punto tal que aconseja adaptar las formas (tul) a las posibilidades del estudiante y no a viceversa (Vol. 1 pag. 76 de la Enciclopedia de su autor\u00eda).<\/p>\n<p>Curiosamente y habiendo sido yo su traductor en m\u00e1s de 10 seminarios de Instructor\u00a0 internacional entre muchos otros eventos, nunca hizo ninguna referencia acerca de las bondades del combate libre deportivo, es m\u00e1s, consideraba absurdo y falto de experiencia el tratar de ense\u00f1ar combinaciones t\u00e9cnicas para ese tipo de combate.<\/p>\n<p>Esto es comprensible dado que en ocasiones es muy marcada la diferencia f\u00edsica y la capacidad de respuesta de los participantes. No se debe unificar en una orden un ejercicio de exclusiva aplicaci\u00f3n deportiva para confrontaciones de combate libre, unificar combinaciones de piernas y manos sin considerar las diferencias f\u00edsicas de los cursantes. Si Usted en su clase o en un curso tiene entre sus asistentes varias\u00a0 personas que cuentan con m\u00e1s de cincuenta a\u00f1os de edad y otras con diferentes edades pero menores a estas, es impropio e ineficaz tratar de dar a imitar una combinaci\u00f3n t\u00e9cnica que podr\u00eda ser ejecutada por la gente m\u00e1s joven pero no por los mayores. En igual medida sucede con las diferentes estructuras f\u00edsicas y pesos m\u00e1s all\u00e1 de la edad de estas .<\/p>\n<p>Taekwon-Do es un arte marcial y como tal demanda un riguroso y especifico entrenamiento para la eficacia de sus logros. Este entrenamiento est\u00e1 indicado y preestablecido para un crecimiento gradual de las posibilidades psicof\u00edsicas de las personas de ambos sexos que han decidido ser parte de esta disciplina.<\/p>\n<p>Habi\u00e9ndose desarrollado desmesuradamente en la actualidad la faceta deportiva, se ha dejado de lado la verdadera esencia del arte marcial y el entrenamiento que este debe tener para sus objetivos. \u00bfPorque seguir el sistema? Porque el entrenamiento propuesto por su fundador conlleva un diferente uso de las posibilidades personales de cada estudiante. El entrenamiento y fortalecimiento de las distintas partes del cuerpo es sin duda alguna un requerimiento b\u00e1sico. En la actualidad se ha puesto de moda entrenar solamente lo relativo al combate deportivo, soslayando todo lo inherente al arte marcial en sus distintos aspectos y rigores psicof\u00edsicos, necesarios para una defensa personal exitosa. El sistema lo propone desde sus inicios pero se lo ha soslayado. El entrenamiento deportivo solo apunta a mejorar el rendimiento en este exclusivo campo.<\/p>\n<p><strong><em>SGM Ricardo Desimone<\/em><\/strong><\/p>\n<p>&nbsp;<\/p>\n","protected":false},"excerpt":{"rendered":"<p>Mucho se ha hablado y se sigue hablando de las distintas formas de entrenamiento. La gran mayor\u00eda pone un \u00e9nfasis muy marcado en su aplicaci\u00f3n deportiva, dejando entrever la fantas\u00eda de lo exitoso de su aplicaci\u00f3n, volviendo por lo tanto &hellip; <a href=\"https:\/\/itotkd.org\/?page_id=2775\">Sigue leyendo <span class=\"meta-nav\">&rarr;<\/span><\/a><\/p>\n","protected":false},"author":1,"featured_media":0,"parent":94,"menu_order":0,"comment_status":"closed","ping_status":"closed","template":"","meta":{"footnotes":""},"class_list":["post-2775","page","type-page","status-publish","hentry"],"_links":{"self":[{"href":"https:\/\/itotkd.org\/index.php?rest_route=\/wp\/v2\/pages\/2775","targetHints":{"allow":["GET"]}}],"collection":[{"href":"https:\/\/itotkd.org\/index.php?rest_route=\/wp\/v2\/pages"}],"about":[{"href":"https:\/\/itotkd.org\/index.php?rest_route=\/wp\/v2\/types\/page"}],"author":[{"embeddable":true,"href":"https:\/\/itotkd.org\/index.php?rest_route=\/wp\/v2\/users\/1"}],"replies":[{"embeddable":true,"href":"https:\/\/itotkd.org\/index.php?rest_route=%2Fwp%2Fv2%2Fcomments&post=2775"}],"version-history":[{"count":1,"href":"https:\/\/itotkd.org\/index.php?rest_route=\/wp\/v2\/pages\/2775\/revisions"}],"predecessor-version":[{"id":2776,"href":"https:\/\/itotkd.org\/index.php?rest_route=\/wp\/v2\/pages\/2775\/revisions\/2776"}],"up":[{"embeddable":true,"href":"https:\/\/itotkd.org\/index.php?rest_route=\/wp\/v2\/pages\/94"}],"wp:attachment":[{"href":"https:\/\/itotkd.org\/index.php?rest_route=%2Fwp%2Fv2%2Fmedia&parent=2775"}],"curies":[{"name":"wp","href":"https:\/\/api.w.org\/{rel}","templated":true}]}}