{"id":2760,"date":"2023-12-09T15:13:36","date_gmt":"2023-12-09T15:13:36","guid":{"rendered":"https:\/\/itotkd.org\/?page_id=2760"},"modified":"2024-01-11T16:17:10","modified_gmt":"2024-01-11T16:17:10","slug":"falacias","status":"publish","type":"page","link":"https:\/\/itotkd.org\/?page_id=2760","title":{"rendered":"Falacias"},"content":{"rendered":"<p><img loading=\"lazy\" decoding=\"async\" class=\"aligncenter size-full wp-image-2758\" src=\"https:\/\/itotkd.org\/wp-content\/uploads\/la-tragedia-del-Taekwon-Do.jpg\" alt=\"\" width=\"419\" height=\"229\" srcset=\"https:\/\/itotkd.org\/wp-content\/uploads\/la-tragedia-del-Taekwon-Do.jpg 419w, https:\/\/itotkd.org\/wp-content\/uploads\/la-tragedia-del-Taekwon-Do-300x164.jpg 300w\" sizes=\"auto, (max-width: 419px) 100vw, 419px\" \/><\/p>\n<p>Una falacia es un\u00a0razonamiento no v\u00e1lido o err\u00f3neo pero con apariencia de razonamiento correcto. Es un razonamiento enga\u00f1oso o inexacto (falaz), pero que pretende ser convincente o persuasivo. Todas las falacias son razonamientos que vulneran alguna regla l\u00f3gica.<\/p>\n<p>Inapelable e importante la descripci\u00f3n que antecede porque en ella encontraremos la explicaci\u00f3n del presente de nuestro arte. Para justificar su existencia muchas entidades dan explicaciones falaces.<\/p>\n<p>En una nota anterior coment\u00e9 mi asombro cuando alguien hab\u00eda contabilizado 42 entidades que usaban la misma sigla para difundir la disciplina creada por el Gral. Choi Hong Hi.<\/p>\n<p>Como cada una de ellas pretende ser diferente del resto y para que esa diferencia se pudiese publicitar le agregan alguna otra sigla o palabra. No faltan las frases que se usan para atraer adeptos a sus filas: este es el Taekwon-Do oficial, un Taekwon-Do unido, por un Taekwon-Do mejor, somos una familia, etc.<\/p>\n<p>Todas tienen cosas en com\u00fan: el uso de la sigla que identifica un sistema administrativo que lo han convertido en \u201cestilo\u201d y la foto del Gral. Choi. Fuera de esto, todo lo dem\u00e1s son discrepancias con el sistema fundado originalmente y que evolucionara exponencialmente en manos de su Fundador.<\/p>\n<p>La primera pregunta que surge sobre el particular es: \u00bfPor qu\u00e9 si el Gral Choi cre\u00f3 un solo Taekwon-Do, hoy hay diferentes versiones sobre \u00e9l? Versiones biomec\u00e1nicas disimiles, sistemas de entrenamiento y uniformes diferentes, etc. Pero todos dicen ser, sin serlo, aquel que el General Fundara.<\/p>\n<p>Para quienes pertenecimos a la camada de pioneros en los pa\u00edses donde Taekwon-Do comenz\u00f3 a difundirse fuera de Corea, todo este popurr\u00ed tiene sabor a oportunismo.<\/p>\n<p>De hecho, hay muchos practicantes que se han dando cuenta de tal cosa y tratan de obtener ventaja cambiando de \u201cescuela\u201d para ser promocionados a grados a los que de haber un ente regulador serio y \u00fanico jam\u00e1s podr\u00edan acceder.<\/p>\n<p>Cintos negros con muy altas jerarqu\u00edas que por edad y antecedentes no les hubiese sido posible ocupar.<\/p>\n<p>Federaciones y Asociaciones que falazmente usan esos nombres porque jur\u00eddicamente no lo son.<\/p>\n<p>En fin, debemos concluir que al igual que ha pasado con otras disciplinas, en Taekwon-Do la atomizaci\u00f3n de su administraci\u00f3n original, ha convertido a las partes atomizadas en escuelas, hasta ahora sin posibilidades de reunificaci\u00f3n y que usan para sus fines nombres jur\u00eddicos que en su gran mayor\u00eda no han registrado.<\/p>\n<p>Un paso positivo es concientizarse de esta realidad. Esto nos permitir\u00e1 entender que un campe\u00f3n mundial, continental, nacional o barrial solo lo es de la Escuela (llamada \u201cfederaci\u00f3n\u201d, \u201casociaci\u00f3n\u201d) que organiza ese evento deportivo y que dif\u00edcilmente las dem\u00e1s reconocer\u00e1n como tal.<\/p>\n<p>Cincuenta a\u00f1os han pasado de la divisi\u00f3n primera que tom\u00f3 al practicante de todas las latitudes como rehenes inconsultos de los fines pol\u00edticos que la produjeron. Hasta el presente sin soluci\u00f3n.<\/p>\n<p>Veinti\u00fan a\u00f1os han pasado de la atomizaci\u00f3n de la administraci\u00f3n que el General Choi fundara y presidiese. Hasta el presente tambi\u00e9n sin soluci\u00f3n. En jurisprudencia se dice que el tiempo es la verdad que huye. Aqu\u00ed y parafraseando ese dicho se puede decir que el tiempo no solo es la verdad que huye sino que es tambi\u00e9n la posibilidad de unificaci\u00f3n que se diluye. Gracias por su tiempo.<\/p>\n<p><strong><em>SGM Ricardo Desimone<\/em><\/strong><\/p>\n<p><span style=\"color: #3366ff;\"><strong>Para estar actualizado vuelva a leer las notas anteriores<\/strong><\/span><\/p>\n","protected":false},"excerpt":{"rendered":"<p>Una falacia es un\u00a0razonamiento no v\u00e1lido o err\u00f3neo pero con apariencia de razonamiento correcto. Es un razonamiento enga\u00f1oso o inexacto (falaz), pero que pretende ser convincente o persuasivo. Todas las falacias son razonamientos que vulneran alguna regla l\u00f3gica. Inapelable e &hellip; <a href=\"https:\/\/itotkd.org\/?page_id=2760\">Sigue leyendo <span class=\"meta-nav\">&rarr;<\/span><\/a><\/p>\n","protected":false},"author":1,"featured_media":0,"parent":94,"menu_order":1,"comment_status":"closed","ping_status":"closed","template":"","meta":{"footnotes":""},"class_list":["post-2760","page","type-page","status-publish","hentry"],"_links":{"self":[{"href":"https:\/\/itotkd.org\/index.php?rest_route=\/wp\/v2\/pages\/2760","targetHints":{"allow":["GET"]}}],"collection":[{"href":"https:\/\/itotkd.org\/index.php?rest_route=\/wp\/v2\/pages"}],"about":[{"href":"https:\/\/itotkd.org\/index.php?rest_route=\/wp\/v2\/types\/page"}],"author":[{"embeddable":true,"href":"https:\/\/itotkd.org\/index.php?rest_route=\/wp\/v2\/users\/1"}],"replies":[{"embeddable":true,"href":"https:\/\/itotkd.org\/index.php?rest_route=%2Fwp%2Fv2%2Fcomments&post=2760"}],"version-history":[{"count":1,"href":"https:\/\/itotkd.org\/index.php?rest_route=\/wp\/v2\/pages\/2760\/revisions"}],"predecessor-version":[{"id":2761,"href":"https:\/\/itotkd.org\/index.php?rest_route=\/wp\/v2\/pages\/2760\/revisions\/2761"}],"up":[{"embeddable":true,"href":"https:\/\/itotkd.org\/index.php?rest_route=\/wp\/v2\/pages\/94"}],"wp:attachment":[{"href":"https:\/\/itotkd.org\/index.php?rest_route=%2Fwp%2Fv2%2Fmedia&parent=2760"}],"curies":[{"name":"wp","href":"https:\/\/api.w.org\/{rel}","templated":true}]}}