{"id":2520,"date":"2022-04-26T22:20:20","date_gmt":"2022-04-26T22:20:20","guid":{"rendered":"http:\/\/itotkd.org\/?page_id=2520"},"modified":"2022-05-23T21:13:03","modified_gmt":"2022-05-23T21:13:03","slug":"es-nuestro-cuerpo-autonomo","status":"publish","type":"page","link":"https:\/\/itotkd.org\/?page_id=2520","title":{"rendered":"\u00bfEs nuestro cuerpo aut\u00f3nomo?"},"content":{"rendered":"<p><img loading=\"lazy\" decoding=\"async\" class=\"aligncenter wp-image-2517\" src=\"https:\/\/itotkd.org\/wp-content\/uploads\/foto-nota-cuerpo-autonomo-150x150.jpg\" alt=\"\" width=\"195\" height=\"195\" \/><\/p>\n<p>Cuando la confrontaci\u00f3n es inevitable, se dice que la eficacia en la defensa personal depende largamente de no pensar nuestras acciones. Esto significa que debemos actuar en funci\u00f3n de actos reflejos. Los reflejos se activaran en base a un estimulo dado. El estimulo es en ocasiones el movimiento que produce el eventual oponente. No obstante, tambi\u00e9n funcionar\u00e1 como estimulo la actitud previa que tal oponente tenga y que permitir\u00e1 avizorar una posible agresi\u00f3n por parte del o los adversarios. Claro que para que nuestros reflejos puedan responder al estimulo descrito, tiene que haberse incorporado una cantidad considerable de mecanismos que posibiliten actuar defensivamente o anticipar la acci\u00f3n ofensiva.<\/p>\n<p>En ambos casos tendremos que haber repetido incansablemente todos y cada uno de los mecanismos que nos permitir\u00e1n actuar en tal sentido. El mayor bagaje de tales t\u00e9cnicas o movimientos los encontraremos en las formas o Tul.<\/p>\n<p>Distintos ejercicios de enfrentamientos preestablecidos nos permitir\u00e1n entrenar y perfeccionar esos mecanismos con un adversario o adversarios, de manera tal que podamos ajustar el uso del tiempo y distancia de los mismos. Como bien dijese, los ejercicios ser\u00e1n preestablecidos porque la repetici\u00f3n es el \u00fanico mecanismo posible para que tales movimientos o t\u00e9cnicas se incorporen y con el tiempo podamos contarlos entre nuestros reflejos. El proceso no es r\u00e1pido pero es inevitable.<\/p>\n<p>Ahora bien, si nuestros movimientos instintivos dependen de la incansable repetici\u00f3n para su eficacia, debemos ser cuidadosos en la calidad del movimiento o biomec\u00e1nica que vamos a repetir. En el caso del Taekwon-Do fundado y sistematizado por el Gral. Choi Hong Hi, cada t\u00e9cnica tiene un solo destino y todas y cada una de ellas est\u00e1 biomec\u00e1nicamente apoyada en las leyes de la f\u00edsica y la cin\u00e9tica del movimiento para producir la m\u00e1xima potencia.<\/p>\n<p>Con la repetici\u00f3n, el tiempo y la perseverancia lograremos incorporar como acto reflejo una variedad interesante de mecanismos que podremos usar para la defensa personal.<\/p>\n<p>Lo dicho precedentemente nos impone ser cuidadosos con cada una de las t\u00e9cnicas y su biomec\u00e1nica, las \u00a0que incorporaremos como ya se ha dicho, a base de repetici\u00f3n y constancia. Por lo tanto, la informaci\u00f3n que obtengamos para tan importante logro debe ser precisa y probada.<\/p>\n<p>El medio l\u00f3gico para que la informaci\u00f3n cumpla con tales requisitos es que provenga de quien posee el conocimiento te\u00f3rico\/practico para ello.<\/p>\n<p>Si la informaci\u00f3n es solo te\u00f3rica no sirve porque no tiene comprobaci\u00f3n; lo cual invalida la informaci\u00f3n recibida en muchas ocasiones por parte de quienes nunca han puesto en marcha tal informaci\u00f3n, solo han le\u00eddo acerca de ella. Si es solo pr\u00e1ctica, tiene un valor diferente y mejor, pero no tenemos la seguridad del cumplimiento de los par\u00e1metros biomec\u00e1nicos que nos asegurar\u00e1n la generaci\u00f3n de la m\u00e1xima potencia y eficacia. Es necesario desarrollar la m\u00e1xima potencia que nuestro cuerpo puede generar porque es imposible saber el tama\u00f1o del ocasional adversario o adversarios. En definitiva necesitamos contar con un medio de informaci\u00f3n que contenga ambos aspectos. Para ello el sistema tiene un lugar otorgado llamado Instructor. Cada vez que se emite una orden o directiva que no cumple con lo sistematizado y se\u00f1alado por el Fundador de la disciplina, se est\u00e1 tergiversando su legado.<\/p>\n<p>Cada vez que se modifica alguno de los mecanismos por \u00e9l establecidos, se est\u00e1 cambiando el destino del mismo y se est\u00e1 induciendo a ser ineficaces en nuestros actos reflejos para la defensa personal.<\/p>\n<p>La pluralidad de versiones de una misma t\u00e9cnica, como actualmente ocurre, produce dudas, errores y falsas creencias sobre un mecanismo que fue dise\u00f1ado para una utilidad \u00fanica. Libros, enciclopedia y filmaciones de quien fundara el Taekwon-Do, hacen que sea inentendible la existencia de la actual diversidad biomec\u00e1nica.<\/p>\n<p>Si esa variedad solo afectase el aspecto coreogr\u00e1fico, no ser\u00eda correcto pero\u2026 podr\u00eda quedar en el anecdotario de la identificaci\u00f3n de una pol\u00edtica de venta institucional. El problema es que la diferencia en la ejecuci\u00f3n no es solo coreogr\u00e1fica sino que afecta la eficacia del mecanismo, que fue dise\u00f1ado para la defensa personal y no para un lucimiento corporativo. En resumen, nuestro cuerpo no es aut\u00f3nomo, su movilidad depende de la orden ps\u00edquica emitida, la que a su vez act\u00faa en funci\u00f3n de la informaci\u00f3n recibida; por lo tanto, hacer modificaciones o informar incorrectamente es inducir a errores con graves consecuencias.<\/p>\n<p><em><strong>Senior Grand Master Ricardo Desimone<\/strong><\/em><\/p>\n<p><span style=\"color: #0000ff;\"><strong>Para estar actualizado vuelva a leer las notas anteriores<\/strong><\/span><\/p>\n","protected":false},"excerpt":{"rendered":"<p>Cuando la confrontaci\u00f3n es inevitable, se dice que la eficacia en la defensa personal depende largamente de no pensar nuestras acciones. Esto significa que debemos actuar en funci\u00f3n de actos reflejos. Los reflejos se activaran en base a un estimulo &hellip; <a href=\"https:\/\/itotkd.org\/?page_id=2520\">Sigue leyendo <span class=\"meta-nav\">&rarr;<\/span><\/a><\/p>\n","protected":false},"author":3,"featured_media":0,"parent":94,"menu_order":1,"comment_status":"closed","ping_status":"closed","template":"","meta":{"footnotes":""},"class_list":["post-2520","page","type-page","status-publish","hentry"],"_links":{"self":[{"href":"https:\/\/itotkd.org\/index.php?rest_route=\/wp\/v2\/pages\/2520","targetHints":{"allow":["GET"]}}],"collection":[{"href":"https:\/\/itotkd.org\/index.php?rest_route=\/wp\/v2\/pages"}],"about":[{"href":"https:\/\/itotkd.org\/index.php?rest_route=\/wp\/v2\/types\/page"}],"author":[{"embeddable":true,"href":"https:\/\/itotkd.org\/index.php?rest_route=\/wp\/v2\/users\/3"}],"replies":[{"embeddable":true,"href":"https:\/\/itotkd.org\/index.php?rest_route=%2Fwp%2Fv2%2Fcomments&post=2520"}],"version-history":[{"count":1,"href":"https:\/\/itotkd.org\/index.php?rest_route=\/wp\/v2\/pages\/2520\/revisions"}],"predecessor-version":[{"id":2521,"href":"https:\/\/itotkd.org\/index.php?rest_route=\/wp\/v2\/pages\/2520\/revisions\/2521"}],"up":[{"embeddable":true,"href":"https:\/\/itotkd.org\/index.php?rest_route=\/wp\/v2\/pages\/94"}],"wp:attachment":[{"href":"https:\/\/itotkd.org\/index.php?rest_route=%2Fwp%2Fv2%2Fmedia&parent=2520"}],"curies":[{"name":"wp","href":"https:\/\/api.w.org\/{rel}","templated":true}]}}