{"id":2431,"date":"2021-10-26T16:07:17","date_gmt":"2021-10-26T16:07:17","guid":{"rendered":"http:\/\/itotkd.org\/?page_id=2431"},"modified":"2022-02-05T23:28:48","modified_gmt":"2022-02-05T23:28:48","slug":"pertenencia","status":"publish","type":"page","link":"https:\/\/itotkd.org\/?page_id=2431","title":{"rendered":"Pertenencia"},"content":{"rendered":"<p><img loading=\"lazy\" decoding=\"async\" class=\"aligncenter size-full wp-image-2437\" src=\"https:\/\/itotkd.org\/wp-content\/uploads\/Con-el-General-1.jpg\" alt=\"\" width=\"397\" height=\"230\" srcset=\"https:\/\/itotkd.org\/wp-content\/uploads\/Con-el-General-1.jpg 397w, https:\/\/itotkd.org\/wp-content\/uploads\/Con-el-General-1-300x174.jpg 300w\" sizes=\"auto, (max-width: 397px) 100vw, 397px\" \/>M\u00e1s all\u00e1 de ser algo propiedad de una persona, es tambi\u00e9n la circunstancia de formar parte de un conjunto o grupo, tales son las acepciones descritas en el diccionario. En ocasiones ambos conceptos se funden en uno solo.<\/p>\n<p>El arte del Taekwon-Do crea pertenencia al grupo en el cual uno est\u00e1 inserto para la pr\u00e1ctica rutinaria y que adem\u00e1s se identifica con el Instructor que les imparte los conocimientos.<\/p>\n<p>Asimismo el alumno con el tiempo y con la incorporaci\u00f3n de las habilidades que va adquiriendo, considera que el arte le pertenece.<\/p>\n<p>En la descripci\u00f3n mencionada, ambos conceptos se han fusionado.<\/p>\n<p>El com\u00fan de los practicantes no considera las pertenencias aludidas sino que lo hacen a trav\u00e9s de una sigla que no es un estilo ya que describe solo un sistema administrativo y que curiosamente est\u00e1 totalmente atomizada.<\/p>\n<p>La palabra pertenencia cobra valor cuando responde a un destino \u00fanico, definido. No se puede pertenecer a un nombre o a una sigla cuya identidad es una diversidad, ya que var\u00eda de acuerdo a la necesidad o conveniencia comercial de distintas personas. Se parecen en el nombre, pero no son lo mismo.<\/p>\n<p>Usualmente se considera que la sigla y el Fundador son una misma cosa. De hecho lo eran y en ese caso la palabra pertenencia ten\u00eda una connotaci\u00f3n particular y distintiva. Varias cosas hac\u00edan esa distinci\u00f3n. Una \u00fanica instituci\u00f3n, un \u00fanico uniforme, un solo emblema, una sola metodolog\u00eda reglamentaria y fundamentalmente una sola biomec\u00e1nica en sus movimientos. La sola vuelta del cinto simboliza entre otras cosas lo dicho.<\/p>\n<p>La actualidad nos ofrece una diferente circunstancia: no hay una \u00fanica instituci\u00f3n, un \u00fanico uniforme, no hay un solo emblema, no existe una \u00fanica metodolog\u00eda reglamentaria y fundamentalmente no hay una \u00fanica biomec\u00e1nica en sus movimientos. Curiosamente y de estar con vida, el Fundador de la disciplina ver\u00eda demolido su logro de unidad que con tanto esfuerzo hab\u00eda conseguido. En m\u00e1s de una oportunidad y en ocasi\u00f3n de estar traduciendo sus palabras en un reportaje, \u00e9l describ\u00eda a su arte como \u00fanico. Sus t\u00e9cnicas y conceptos son iguales en todo el planeta dec\u00eda. Este hecho hacia que se diferenciara de otras artes marciales que solamente ten\u00edan un nombre \u00fanico pero sus movimientos variaban de un lugar a otro.<\/p>\n<p>En el actual popurr\u00ed institucional todo mundo cree pertenecer al Taekwon-Do fundado, desarrollado, sistematizado y difundido por el Gral. Choi Hong Hi simplemente por mencionar su nombre y la sigla del sistema federativo que \u00e9l presidia. Sin embargo no es as\u00ed. Como dijese en una nota anterior, el verdadero legado est\u00e1 en seguir su sistema pedag\u00f3gico, la biomec\u00e1nica distintiva de los movimientos y\u00a0 los criterios que siempre sustentaron el Arte de su invenci\u00f3n. Si Usted dice pertenecer a las huestes del Gral. Choi pero sus movimientos no respetan lo ense\u00f1ado por \u00e9l, usted no pertenece, por m\u00e1s que ponga su foto y repita como letan\u00eda los principios filos\u00f3ficos. Si Usted hace de la parte deportiva su bandera, est\u00e1 caminando en otra direcci\u00f3n a la del arte marcial que \u00e9l fundara, por m\u00e1s que siga poniendo su foto, use el nombre de su arte y repita nuevamente los principios.<\/p>\n<p>En fin, para pertenecer hay que invertir en la obra de la cual se quiere ser parte porque es la \u00fanica manera\u00a0 tambi\u00e9n de poseerla.<\/p>\n<p>&nbsp;<\/p>\n<p>&nbsp;<\/p>\n","protected":false},"excerpt":{"rendered":"<p>M\u00e1s all\u00e1 de ser algo propiedad de una persona, es tambi\u00e9n la circunstancia de formar parte de un conjunto o grupo, tales son las acepciones descritas en el diccionario. En ocasiones ambos conceptos se funden en uno solo. El arte &hellip; <a href=\"https:\/\/itotkd.org\/?page_id=2431\">Sigue leyendo <span class=\"meta-nav\">&rarr;<\/span><\/a><\/p>\n","protected":false},"author":3,"featured_media":0,"parent":94,"menu_order":2,"comment_status":"closed","ping_status":"closed","template":"","meta":{"footnotes":""},"class_list":["post-2431","page","type-page","status-publish","hentry"],"_links":{"self":[{"href":"https:\/\/itotkd.org\/index.php?rest_route=\/wp\/v2\/pages\/2431","targetHints":{"allow":["GET"]}}],"collection":[{"href":"https:\/\/itotkd.org\/index.php?rest_route=\/wp\/v2\/pages"}],"about":[{"href":"https:\/\/itotkd.org\/index.php?rest_route=\/wp\/v2\/types\/page"}],"author":[{"embeddable":true,"href":"https:\/\/itotkd.org\/index.php?rest_route=\/wp\/v2\/users\/3"}],"replies":[{"embeddable":true,"href":"https:\/\/itotkd.org\/index.php?rest_route=%2Fwp%2Fv2%2Fcomments&post=2431"}],"version-history":[{"count":2,"href":"https:\/\/itotkd.org\/index.php?rest_route=\/wp\/v2\/pages\/2431\/revisions"}],"predecessor-version":[{"id":2439,"href":"https:\/\/itotkd.org\/index.php?rest_route=\/wp\/v2\/pages\/2431\/revisions\/2439"}],"up":[{"embeddable":true,"href":"https:\/\/itotkd.org\/index.php?rest_route=\/wp\/v2\/pages\/94"}],"wp:attachment":[{"href":"https:\/\/itotkd.org\/index.php?rest_route=%2Fwp%2Fv2%2Fmedia&parent=2431"}],"curies":[{"name":"wp","href":"https:\/\/api.w.org\/{rel}","templated":true}]}}