{"id":216,"date":"2011-10-16T22:58:09","date_gmt":"2011-10-16T22:58:09","guid":{"rendered":"http:\/\/asat-itf2.com.ar\/?page_id=216"},"modified":"2014-11-03T19:50:44","modified_gmt":"2014-11-03T19:50:44","slug":"216-2","status":"publish","type":"page","link":"https:\/\/itotkd.org\/?page_id=216","title":{"rendered":"Campeonato Mundial Adultos Corea 2011"},"content":{"rendered":"<p><a href=\"https:\/\/itotkd.org\/wp-content\/uploads\/Delegaci\u00f3n-Argentina-21.jpg\"><img loading=\"lazy\" decoding=\"async\" class=\"aligncenter size-large wp-image-217\" title=\"Digital Camera\" src=\"https:\/\/itotkd.org\/wp-content\/uploads\/Delegaci\u00f3n-Argentina-21-1024x768.jpg\" alt=\"\" width=\"584\" height=\"438\" srcset=\"https:\/\/itotkd.org\/wp-content\/uploads\/Delegaci\u00f3n-Argentina-21-1024x768.jpg 1024w, https:\/\/itotkd.org\/wp-content\/uploads\/Delegaci\u00f3n-Argentina-21-300x225.jpg 300w, https:\/\/itotkd.org\/wp-content\/uploads\/Delegaci\u00f3n-Argentina-21-400x300.jpg 400w, https:\/\/itotkd.org\/wp-content\/uploads\/Delegaci\u00f3n-Argentina-21.jpg 1200w\" sizes=\"auto, (max-width: 584px) 100vw, 584px\" \/><\/a><\/p>\n<p><strong>Campeonato Mundial Danes Adultos<\/strong><\/p>\n<p><strong>Entre los d\u00edas 6 al 12 de Septiembre de 2011 se llev\u00f3 a cabo el campeonato mundial para Danes adultos (18-39 a\u00f1os) en Pyongyang-Corea.<\/strong><\/p>\n<p><a href=\"https:\/\/itotkd.org\/wp-content\/uploads\/delegaci\u00f3n-ASAT1.jpg\"><img loading=\"lazy\" decoding=\"async\" class=\"aligncenter size-large wp-image-222\" title=\"Digital Camera\" src=\"https:\/\/itotkd.org\/wp-content\/uploads\/delegaci\u00f3n-ASAT1-1024x768.jpg\" alt=\"\" width=\"584\" height=\"438\" srcset=\"https:\/\/itotkd.org\/wp-content\/uploads\/delegaci\u00f3n-ASAT1-1024x768.jpg 1024w, https:\/\/itotkd.org\/wp-content\/uploads\/delegaci\u00f3n-ASAT1-300x225.jpg 300w, https:\/\/itotkd.org\/wp-content\/uploads\/delegaci\u00f3n-ASAT1-400x300.jpg 400w\" sizes=\"auto, (max-width: 584px) 100vw, 584px\" \/><\/a><\/p>\n","protected":false},"excerpt":{"rendered":"<p>Campeonato Mundial Danes Adultos Entre los d\u00edas 6 al 12 de Septiembre de 2011 se llev\u00f3 a cabo el campeonato mundial para Danes adultos (18-39 a\u00f1os) en Pyongyang-Corea.<\/p>\n","protected":false},"author":3,"featured_media":0,"parent":94,"menu_order":14,"comment_status":"closed","ping_status":"closed","template":"","meta":{"footnotes":""},"class_list":["post-216","page","type-page","status-publish","hentry"],"_links":{"self":[{"href":"https:\/\/itotkd.org\/index.php?rest_route=\/wp\/v2\/pages\/216","targetHints":{"allow":["GET"]}}],"collection":[{"href":"https:\/\/itotkd.org\/index.php?rest_route=\/wp\/v2\/pages"}],"about":[{"href":"https:\/\/itotkd.org\/index.php?rest_route=\/wp\/v2\/types\/page"}],"author":[{"embeddable":true,"href":"https:\/\/itotkd.org\/index.php?rest_route=\/wp\/v2\/users\/3"}],"replies":[{"embeddable":true,"href":"https:\/\/itotkd.org\/index.php?rest_route=%2Fwp%2Fv2%2Fcomments&post=216"}],"version-history":[{"count":13,"href":"https:\/\/itotkd.org\/index.php?rest_route=\/wp\/v2\/pages\/216\/revisions"}],"predecessor-version":[{"id":1683,"href":"https:\/\/itotkd.org\/index.php?rest_route=\/wp\/v2\/pages\/216\/revisions\/1683"}],"up":[{"embeddable":true,"href":"https:\/\/itotkd.org\/index.php?rest_route=\/wp\/v2\/pages\/94"}],"wp:attachment":[{"href":"https:\/\/itotkd.org\/index.php?rest_route=%2Fwp%2Fv2%2Fmedia&parent=216"}],"curies":[{"name":"wp","href":"https:\/\/api.w.org\/{rel}","templated":true}]}}