{"id":2121,"date":"2021-04-15T13:21:19","date_gmt":"2021-04-15T13:21:19","guid":{"rendered":"http:\/\/itotkd.org\/?page_id=2121"},"modified":"2021-05-17T21:36:22","modified_gmt":"2021-05-17T21:36:22","slug":"el-sistema","status":"publish","type":"page","link":"https:\/\/itotkd.org\/?page_id=2121","title":{"rendered":"El sistema"},"content":{"rendered":"<p><img loading=\"lazy\" decoding=\"async\" class=\"aligncenter wp-image-2118 size-medium\" src=\"https:\/\/itotkd.org\/wp-content\/uploads\/imagen-para-nota-el-sistema-293x300.jpg\" alt=\"\" width=\"293\" height=\"300\" srcset=\"https:\/\/itotkd.org\/wp-content\/uploads\/imagen-para-nota-el-sistema-293x300.jpg 293w, https:\/\/itotkd.org\/wp-content\/uploads\/imagen-para-nota-el-sistema-1000x1024.jpg 1000w, https:\/\/itotkd.org\/wp-content\/uploads\/imagen-para-nota-el-sistema-768x787.jpg 768w, https:\/\/itotkd.org\/wp-content\/uploads\/imagen-para-nota-el-sistema-1499x1536.jpg 1499w, https:\/\/itotkd.org\/wp-content\/uploads\/imagen-para-nota-el-sistema-1999x2048.jpg 1999w\" sizes=\"auto, (max-width: 293px) 100vw, 293px\" \/><\/p>\n<p>No se cuestiona hoy d\u00eda el padrinazgo fundacional del Taekwon-Do, sin embargo cuando se denomina la disciplina, se lo describe como un Arte marcial creado y <strong>sistematizado<\/strong> por el Gral. Choi Hong Hi.<\/p>\n<p>No se lo debe pensar como un hecho misterioso encuadrado en un contexto de dif\u00edcil explicaci\u00f3n y aplicaci\u00f3n. Est\u00e1 enmarcado por un proceso filos\u00f3fico y anat\u00f3mico. Esta \u00faltima parte tiene un desarrollo biomec\u00e1nico \u00fanico apoyado en el uso de las leyes Newtonianas y la cin\u00e9tica del movimiento. Las casi 3.200 t\u00e9cnicas que lo componen permiten dar respuesta a la mayor\u00eda de las circunstancias que puede plantear la defensa personal. Cada uno de sus movimientos fueron dise\u00f1ados con un prop\u00f3sito especifico, mas all\u00e1 que en ocasiones y por desconocimiento, se le otorgue una doble utilidad a ciertos movimientos.<\/p>\n<p>Err\u00f3neamente se cree que todas las t\u00e9cnicas est\u00e1n contenidas en las 24 formas o Tul establecidas como la columna vertebral del arte. Estas solo suman 970 movimientos, muchos de ellos repetidos. Por lo tanto, lejos est\u00e1n de contener la totalidad de las t\u00e9cnicas. No obstante es necesario dejar se\u00f1alado que parte de lo pretendido por el Fundador es que todos los movimientos est\u00e1n designados para producir la m\u00e1xima potencia de acuerdo con formulas cient\u00edficas y los principios de la energ\u00eda cin\u00e9tica.<\/p>\n<p>Tambi\u00e9n hay que tener en cuenta la distancia y \u00e1ngulo del objetivo mas una particular biomec\u00e1nica que acompa\u00f1ada por el correcto proceso respiratorio, permiten alcanzar lo propuesto.<\/p>\n<p>Los movimientos demandan precisi\u00f3n y respeto por el cuidado de la salud, por lo tanto, el prop\u00f3sito y m\u00e9todo deben ser claros y simples para facilitar el proceso de ense\u00f1anza y aprendizaje. Las 24 formas o Tul son una parte fundamental para la comprensi\u00f3n de los prop\u00f3sitos antes mencionados. Muchas de esas t\u00e9cnicas ser\u00e1n de muy espor\u00e1dica aplicaci\u00f3n porque requieren de una especial circunstancia para ser utilizadas. Otras que son m\u00e1s f\u00e1ciles de incorporar debido a su destino de un solo oponente, permiten la ejecuci\u00f3n de enfrentamientos o combates bajo reglas deportivas, reduciendo el arsenal del arte a 6 o 7 t\u00e9cnicas que generalmente son utilizadas por los competidores m\u00e1s prominentes en el combate libre deportivo. No obstante, tanto sea en un caso como en el otro el desarrollo biomec\u00e1nico del arte es inexorable si lo que se quiere incorporar es Taekwon-Do y no un sistema hibrido de pelea deportiva con escasa relaci\u00f3n con la defensa personal. Para obtener el mencionado desarrollo es necesaria una metodolog\u00eda que como en todas las cosas que pretenden tener \u00e9xito, debe ser planteada de menor a mayor. Los grados de capacitaci\u00f3n comienzan razonablemente por el cinto Blanco, a quien se le atribuye el desconocimiento. Por lo tanto, la metodolog\u00eda a utilizar debe respetar lo enunciado. Sin embargo en la generalidad de los lugares de ense\u00f1anza suele verse lo opuesto. Probablemente apurados o empujados por necesidades de representaci\u00f3n deportiva, a la mayor\u00eda de los principiantes se les incita a utilizar t\u00e9cnicas que requieren un manejo corporal m\u00e1s avanzado. Frente a esta realidad cabe recordar la frase mencionada en el inicio: es un Arte marcial creado y <strong>sistematizado<\/strong> por el Gral. Choi Hong HI. Significa que la metodolog\u00eda a utilizar est\u00e1 ya preestablecida para alcanzar la correcta incorporaci\u00f3n biomec\u00e1nica que permite una evoluci\u00f3n paulatina y eficaz, al tiempo que respeta la salud psicof\u00edsica del estudiante. No obstante y por el apremiante requerimiento deportivo, normalmente se hace caso omiso de lo ya desarrollado y se inventa todos los d\u00edas una nueva y \u201csupuestamente eficaz\u201d metodolog\u00eda, generalmente emparentada con otros m\u00e9todos de pelea. Claro aqu\u00ed se hace imperioso entender la diferencia existente entre pelea y defensa personal.<\/p>\n<p><span style=\"color: #0000ff;\"><strong>Para estar informado lea las notas previas<\/strong><\/span><\/p>\n<p>&nbsp;<\/p>\n","protected":false},"excerpt":{"rendered":"<p>No se cuestiona hoy d\u00eda el padrinazgo fundacional del Taekwon-Do, sin embargo cuando se denomina la disciplina, se lo describe como un Arte marcial creado y sistematizado por el Gral. Choi Hong Hi. No se lo debe pensar como un &hellip; <a href=\"https:\/\/itotkd.org\/?page_id=2121\">Sigue leyendo <span class=\"meta-nav\">&rarr;<\/span><\/a><\/p>\n","protected":false},"author":3,"featured_media":0,"parent":94,"menu_order":1,"comment_status":"closed","ping_status":"closed","template":"","meta":{"footnotes":""},"class_list":["post-2121","page","type-page","status-publish","hentry"],"_links":{"self":[{"href":"https:\/\/itotkd.org\/index.php?rest_route=\/wp\/v2\/pages\/2121","targetHints":{"allow":["GET"]}}],"collection":[{"href":"https:\/\/itotkd.org\/index.php?rest_route=\/wp\/v2\/pages"}],"about":[{"href":"https:\/\/itotkd.org\/index.php?rest_route=\/wp\/v2\/types\/page"}],"author":[{"embeddable":true,"href":"https:\/\/itotkd.org\/index.php?rest_route=\/wp\/v2\/users\/3"}],"replies":[{"embeddable":true,"href":"https:\/\/itotkd.org\/index.php?rest_route=%2Fwp%2Fv2%2Fcomments&post=2121"}],"version-history":[{"count":2,"href":"https:\/\/itotkd.org\/index.php?rest_route=\/wp\/v2\/pages\/2121\/revisions"}],"predecessor-version":[{"id":2125,"href":"https:\/\/itotkd.org\/index.php?rest_route=\/wp\/v2\/pages\/2121\/revisions\/2125"}],"up":[{"embeddable":true,"href":"https:\/\/itotkd.org\/index.php?rest_route=\/wp\/v2\/pages\/94"}],"wp:attachment":[{"href":"https:\/\/itotkd.org\/index.php?rest_route=%2Fwp%2Fv2%2Fmedia&parent=2121"}],"curies":[{"name":"wp","href":"https:\/\/api.w.org\/{rel}","templated":true}]}}