{"id":2016,"date":"2019-08-05T20:09:51","date_gmt":"2019-08-05T20:09:51","guid":{"rendered":"http:\/\/itotkd.org\/?page_id=2016"},"modified":"2019-08-05T20:27:11","modified_gmt":"2019-08-05T20:27:11","slug":"usted-que-opina","status":"publish","type":"page","link":"https:\/\/itotkd.org\/?page_id=2016","title":{"rendered":"Usted que opina?"},"content":{"rendered":"<p><img loading=\"lazy\" decoding=\"async\" class=\"aligncenter wp-image-2012 size-large\" src=\"https:\/\/itotkd.org\/wp-content\/uploads\/foto-pagina-ito-what-do-you-think-3-1024x774.jpg\" alt=\"\" width=\"584\" height=\"441\" srcset=\"https:\/\/itotkd.org\/wp-content\/uploads\/foto-pagina-ito-what-do-you-think-3-1024x774.jpg 1024w, https:\/\/itotkd.org\/wp-content\/uploads\/foto-pagina-ito-what-do-you-think-3-300x227.jpg 300w, https:\/\/itotkd.org\/wp-content\/uploads\/foto-pagina-ito-what-do-you-think-3-768x581.jpg 768w, https:\/\/itotkd.org\/wp-content\/uploads\/foto-pagina-ito-what-do-you-think-3-397x300.jpg 397w, https:\/\/itotkd.org\/wp-content\/uploads\/foto-pagina-ito-what-do-you-think-3.jpg 1280w\" sizes=\"auto, (max-width: 584px) 100vw, 584px\" \/><\/p>\n<p>Todas las entidades usan el nombre del Gral Choi Hong Hi y su foto para promover sus actividades (seminarios, torneos, etc.)<\/p>\n<p>Usan ellas sus prerrogativas? Su particular biomec\u00e1nica o el m\u00e9todo de entrenamiento que \u00e9l propuso?<\/p>\n<p>Yo no creo que as\u00ed sea\u2026entonces, las mencionadas referencias son meramente especulativas.<\/p>\n<p>Hoy d\u00eda hay muchas altas categor\u00edas alrededor del mundo usando sus particulares puntos de vista acerca de c\u00f3mo ense\u00f1ar Taekwon-Do y utilizando sus personales m\u00e9todos de entrenamiento.<\/p>\n<p>Este pensamiento individual modifica la biomec\u00e1nica propuesta por el fundador, quien entre otras cosas nos solicit\u00f3 a las m\u00e1s altas categor\u00edas de ese momento \u201cpor favor conserven las formas (Tul) como son hasta este momento porque estas son la columna vertebral de nuestro Arte\u201d. Yo creo que \u00e9l ten\u00eda la intuici\u00f3n que algunas personas estaban esperando por su ausencia para imponer sus personales criterios. Cuando yo menciono algunas personas, estoy incluyendo\u00a0 todas las etnias: Orientales y Occidentales.<\/p>\n<p>Cual es realmente la creaci\u00f3n del Gral Choi Hon Hi? Un nombre? \u00a0Iniciales o siglas para describir una entidad? Reglas de combate deportivo? Una moda?<\/p>\n<p>El desarroll\u00f3 una manera particular de aumentar el poder del ser humano para una real y efectiva estructura de defensa personal. Esta est\u00e1 sistematizada en un f\u00e1cil m\u00e9todo pedag\u00f3gico y sus bases filos\u00f3ficas, que dio en llamar Taekwon-Do.<\/p>\n<p>Tomando en consideraci\u00f3n nuestro presente, sus prerrogativas para mantener su Arte en este estricto esquema es incierto.<\/p>\n<p>El estuvo viajando alrededor del mundo para unificar un criterio y ense\u00f1ar un m\u00e9todo que finalmente nadie est\u00e1 usando.<\/p>\n<p>En uso est\u00e1 su nombre y su foto, pero su Arte no; este fue caprichosamente modificado.<\/p>\n<p>No puedo precisar si esto sucedi\u00f3 porque \u00e9l no fue entendido o est\u00e1 hecho a prop\u00f3sito para imponer usando su nombre, personales marcas comerciales. Probablemente ambas cosas han sucedido.<\/p>\n<p>Algunas entidades mencionan la teor\u00eda y sus referencias geom\u00e9tricas, pero el cuerpo de sus profesores (sin importar sus categor\u00edas: GM, Masters o Instructores) no se mueven de acuerdo a sus palabras.<\/p>\n<p>Otras ni siquiera reparan en ninguna teor\u00eda o referencia, solo usan su nombre, su foto y las iniciales (siglas) de la entidad por \u00e9l fundada, eso es todo.<\/p>\n<p>En ocasi\u00f3n de estar yo dando un seminario y conversando con estudiantes de diferentes organizaciones, uno de ellos me coment\u00f3 que en una oportunidad y atendiendo un curso ofrecido por un Grand Master, el le mencion\u00f3 a ese GM que el Gral Choi indicaba una manera diferente y particular de ejecutar el movimiento que en ese momento estaba en discusi\u00f3n. Para la sorpresa de ese estudiante, la respuesta de ese GM fue: \u201cEl Gral Choi falleci\u00f3 y ahora en esta entidad la gente hace lo que yo digo\u201d??????<\/p>\n<p>Si todas las entidades est\u00e1n usando su propio y personal criterio, porque usan el nombre del Gral Choi, su foto y la teor\u00eda por \u00e9l introducida?<\/p>\n<p>El Gral Choi nunca ense\u00f1\u00f3 m\u00e9todos de boxeo como los usados hoy en d\u00eda para entrenar a los estudiantes. Si Usted practica Taekwon-Do, Usted tiene que entrenar Taekwon-Do. Los m\u00e9todos de boxeo son muy buenos para boxeo. El siempre dijo que Taekwon-Do es un Arte Marcial con una faceta deportiva y no viceversa. Un Arte Marcial es profundamente diferente a un sistema de combate deportivo.<\/p>\n<p>Algunas veces los m\u00e9todos deportivos usados hoy d\u00eda por la mayor\u00eda de los instructores, pueden ser adecuados para una particular competencia de pelea, pero no para un torneo regular de Taekwon-Do<\/p>\n<p>Desde 1973 estuvimos en contra de la metodolog\u00eda empleada en ese taekwondo que por razones pol\u00edticas es usado en el Olimpismo desde los a\u00f1os 90\u2019s. Ellos siempre trataron de demostrar que taekwondo es solamente un deporte debido a su particular conveniencia de que as\u00ed fuera. Nuestro Fundador obsesivamente repet\u00eda \u201cesa cosa es solamente una mala m\u00edmica con un nombre robado pero nunca un arte marcial\u201d.<\/p>\n<p>Aquellos que solamente ven Taekwon-Do como un deporte, hacen de la pelea del Fundador un esfuerzo perdido.<\/p>\n<p>Si Usted considera Taekwon-Do como un deporte, Usted nunca entender\u00e1 Taekwon-Do apropiadamente.<\/p>\n<p>Taekwon-Do debe ser ense\u00f1ado por un Instructor y no por un Coach (entrenador).<\/p>\n<p>Taekwon-Do es una ciencia, entonces este se encontrar\u00e1 donde est\u00e1 el conocimiento, indepen-dientemente de la etnicidad, de la conveniencia pol\u00edtica o de la b\u00fasqueda de ganancias institucionales.<\/p>\n<p>Taekwon-Do no pertenece a ninguna raza en particular ni a ning\u00fan pa\u00eds. Si esto no fuese as\u00ed y Usted no pertenece a esa especial etnia, para que luchar para obtener algo que nunca tendr\u00e1.<\/p>\n<p><strong><em>SGM Ricardo Desimone<\/em><\/strong><\/p>\n<p><span style=\"color: #0000ff;\"><strong>Para estar actualizado vuelva a leer las notas anteriores<\/strong><\/span><\/p>\n","protected":false},"excerpt":{"rendered":"<p>Todas las entidades usan el nombre del Gral Choi Hong Hi y su foto para promover sus actividades (seminarios, torneos, etc.) Usan ellas sus prerrogativas? Su particular biomec\u00e1nica o el m\u00e9todo de entrenamiento que \u00e9l propuso? Yo no creo que &hellip; <a href=\"https:\/\/itotkd.org\/?page_id=2016\">Sigue leyendo <span class=\"meta-nav\">&rarr;<\/span><\/a><\/p>\n","protected":false},"author":3,"featured_media":0,"parent":94,"menu_order":1,"comment_status":"closed","ping_status":"closed","template":"","meta":{"footnotes":""},"class_list":["post-2016","page","type-page","status-publish","hentry"],"_links":{"self":[{"href":"https:\/\/itotkd.org\/index.php?rest_route=\/wp\/v2\/pages\/2016","targetHints":{"allow":["GET"]}}],"collection":[{"href":"https:\/\/itotkd.org\/index.php?rest_route=\/wp\/v2\/pages"}],"about":[{"href":"https:\/\/itotkd.org\/index.php?rest_route=\/wp\/v2\/types\/page"}],"author":[{"embeddable":true,"href":"https:\/\/itotkd.org\/index.php?rest_route=\/wp\/v2\/users\/3"}],"replies":[{"embeddable":true,"href":"https:\/\/itotkd.org\/index.php?rest_route=%2Fwp%2Fv2%2Fcomments&post=2016"}],"version-history":[{"count":2,"href":"https:\/\/itotkd.org\/index.php?rest_route=\/wp\/v2\/pages\/2016\/revisions"}],"predecessor-version":[{"id":2021,"href":"https:\/\/itotkd.org\/index.php?rest_route=\/wp\/v2\/pages\/2016\/revisions\/2021"}],"up":[{"embeddable":true,"href":"https:\/\/itotkd.org\/index.php?rest_route=\/wp\/v2\/pages\/94"}],"wp:attachment":[{"href":"https:\/\/itotkd.org\/index.php?rest_route=%2Fwp%2Fv2%2Fmedia&parent=2016"}],"curies":[{"name":"wp","href":"https:\/\/api.w.org\/{rel}","templated":true}]}}