{"id":2014,"date":"2020-11-18T17:34:33","date_gmt":"2020-11-18T17:34:33","guid":{"rendered":"http:\/\/itotkd.org\/?page_id=2014"},"modified":"2021-02-26T18:14:39","modified_gmt":"2021-02-26T18:14:39","slug":"imposturas","status":"publish","type":"page","link":"https:\/\/itotkd.org\/?page_id=2014","title":{"rendered":"Imposturas"},"content":{"rendered":"<p>&nbsp;<\/p>\n<p><img loading=\"lazy\" decoding=\"async\" class=\"aligncenter size-full wp-image-2094\" src=\"https:\/\/itotkd.org\/wp-content\/uploads\/imposturas-2.png\" alt=\"\" width=\"487\" height=\"290\" srcset=\"https:\/\/itotkd.org\/wp-content\/uploads\/imposturas-2.png 487w, https:\/\/itotkd.org\/wp-content\/uploads\/imposturas-2-300x179.png 300w\" sizes=\"auto, (max-width: 487px) 100vw, 487px\" \/>Sin duda, grandes ventajas derivan de las artes marciales. Estas Artes se diferencian en su origen, su filosof\u00eda y su biomec\u00e1nica. Desde un punto de vista anat\u00f3mico, org\u00e1nico y ps\u00edquico, es posible encontrar e incorporar muchos beneficios con su pr\u00e1ctica. S\u00f3lo me referir\u00e9 al Taekwon-Do como un arte marcial con un innegable aumento demogr\u00e1fico en los \u00faltimos treinta a\u00f1os. Esta evoluci\u00f3n incluye una diversidad de situaciones impensables hace mucho tiempo. Su Fundador enfatiz\u00f3 hasta la saciedad en cada seminario, entrevista o reportaje que tuve que traducir, que el Taekwon-Do es un arte marcial y no un deporte.<\/p>\n<p>La Disciplina tiene una faceta deportiva que permite al p\u00fablico en general obtener informaci\u00f3n sobre el Arte mediante la realizaci\u00f3n de competencias en aspectos determinados de su composici\u00f3n. Su desarrollo es m\u00e1s completo e importante en su conjunto que lo que normalmente se ve en el campo de la competencia. En el \u00e1rea deportiva todo es relativo y ef\u00edmero. El campe\u00f3n solo lo es en ese torneo o campeonato; para serlo de nuevo debe pasar por el mismo proceso eliminatorio, al igual que los otros competidores y en la mayor\u00eda de los casos el resultado no es el mismo.<\/p>\n<p>Sin embargo, la creencia generalizada es que una vez que fue declarado campe\u00f3n, es un campe\u00f3n para siempre, eternizando un logro deportivo ef\u00edmero y a menudo sobredimensionado por el elegido en esa ocasi\u00f3n. Para entender verdaderamente la limitada importancia de este logro, es necesario recordar que las artes marciales est\u00e1n libres de peso, sexo y edad porque la defensa de la integridad f\u00edsica s\u00f3lo reconoce como ganador a quien salv\u00f3 el pellejo.<\/p>\n<p>El Arte en s\u00ed mismo es un todo que incluye en su composici\u00f3n un protocolo, una filosof\u00eda, un manejo f\u00edsico y una condici\u00f3n ps\u00edquica que lo caracteriza y distingue. Su protocolo impone sin distinci\u00f3n de sexo o condici\u00f3n social una l\u00ednea de comportamiento y respeto por el otro, la condici\u00f3n necesaria para impulsar al otro a devolvernos tal consideraci\u00f3n. En el otro est\u00e1 involucrado todo ser humano con quien tenemos que relacionarnos. Respetar y ser respetado es el orden a seguir. Incluimos en ese respeto EL SEGUIMIENTO DE LAS REGLAS que impone el arte y la sociedad en la que estamos integrados. \u00a0Ambos nos dicen que cada transgresi\u00f3n degrada y ensucia el protocolo que aceptamos respetar y que nos honra.<\/p>\n<p>Cuando apelamos a ser promovidos por el camino f\u00e1cil o antes del tiempo establecido en el protocolo, lo estamos transgrediendo y nos auto enga\u00f1amos. La filosof\u00eda tambi\u00e9n fue burlada. El rendimiento f\u00edsico no puede responder porque no hemos respetado los tiempos requeridos para la maduraci\u00f3n del conocimiento y finalmente nuestra condici\u00f3n ps\u00edquica se ha debilitado por la culpa de la acci\u00f3n que hemos tenido. Una impostura&#8230; que s\u00f3lo es un fraude disfrazado de verdad.<\/p>\n<p>El tiempo, la experiencia y el grado van de la mano, por lo que el arte iguala hacia arriba. La impostura iguala hacia abajo.<\/p>\n<p>\u00bfEs esto lo que sucede cuando alguien usurp\u00f3 un t\u00edtulo que a\u00fan no le pertenece?\u00a0 S\u00ed, pero no dicen nada porque no les importa, su objetivo nunca ha sido el Arte sino la bonanza econ\u00f3mica que puede traer. Los grados son en esa loca carrera econ\u00f3mica un paso necesario para engordar el bolsillo y el ego, no el conocimiento. Ausente est\u00e1 el protocolo que el impostor no sigue pero exige, la filosof\u00eda que enuncia pero no respeta y el dominio psicof\u00edsico que no tiene pero del que se jacta.<\/p>\n<p>El Fundador de la disciplina estableci\u00f3 reglas a seguir y los tiempos adecuados de las categor\u00edas que las representan. Su ausencia f\u00edsica ha permitido que la impostura haga de las suyas. El mayor grado del Arte ya no se concede como \u00e9l estableci\u00f3, por un comit\u00e9 compuesto por nueve miembros de las m\u00e1s altas jerarqu\u00edas de la Entidad de que se trate, sino que se otorga por una sola persona que trabaja de Dios y reparte cartones a su personal criterio y conveniencia.<\/p>\n<p>Puede ser que el grado m\u00e1s alto del arte ya no sea el 9o. Dan, sino que tambi\u00e9n se puede otorgar el 10mo. S\u00f3lo ese Dios que promueve desde su infinito benepl\u00e1cito y conveniencia econ\u00f3mica sabe cu\u00e1ntos otros Dan por encima del 10mo. ser\u00e1n reconocidos. Pero cuidado, esto sucede con la complicidad necesaria de quienes lo reciben y se adscriben con su complacencia a tal burla.<\/p>\n<p>La graduaci\u00f3n m\u00e1s alta en Taekwon-Do ha sido, es y ser\u00e1 el 9o Dan. Las razones de esta regla ineludible a seguir est\u00e1n sobradamente explicadas en las p\u00e1ginas 91 y 92 del Volumen 1 de la Enciclopedia de 15 vol\u00famenes escrita por Gral. Choi Hong Hi.<\/p>\n<p>Cuando se menciona su nombre y se usa su foto, se est\u00e1 obligado a usar sus reglas, biomec\u00e1nica y protocolo. El impostor hace lo contrario; nada ni nadie se lo impide.<\/p>\n<p>Si ese es su deseo, no use entonces el nombre de Taekwon-Do para hacerlo, tenga el coraje de inventar el suyo propio que contenga en sus usanzas ese tipo de procederes. Adeptos va a tener; son los mismos que han estado dispuestos a reconocer como v\u00e1lido a ese dios repartidor de cartones.<\/p>\n<p><em><strong>Senior Grand Master Ricardo Desimone<\/strong><\/em><\/p>\n<p><span style=\"color: #0000ff;\"><strong>Para estar actualizado vuelva a leer las notas anteriores<\/strong><\/span><\/p>\n<p>&nbsp;<\/p>\n","protected":false},"excerpt":{"rendered":"<p>&nbsp; Sin duda, grandes ventajas derivan de las artes marciales. Estas Artes se diferencian en su origen, su filosof\u00eda y su biomec\u00e1nica. Desde un punto de vista anat\u00f3mico, org\u00e1nico y ps\u00edquico, es posible encontrar e incorporar muchos beneficios con su &hellip; <a href=\"https:\/\/itotkd.org\/?page_id=2014\">Sigue leyendo <span class=\"meta-nav\">&rarr;<\/span><\/a><\/p>\n","protected":false},"author":3,"featured_media":0,"parent":94,"menu_order":3,"comment_status":"closed","ping_status":"closed","template":"","meta":{"footnotes":""},"class_list":["post-2014","page","type-page","status-publish","hentry"],"_links":{"self":[{"href":"https:\/\/itotkd.org\/index.php?rest_route=\/wp\/v2\/pages\/2014","targetHints":{"allow":["GET"]}}],"collection":[{"href":"https:\/\/itotkd.org\/index.php?rest_route=\/wp\/v2\/pages"}],"about":[{"href":"https:\/\/itotkd.org\/index.php?rest_route=\/wp\/v2\/types\/page"}],"author":[{"embeddable":true,"href":"https:\/\/itotkd.org\/index.php?rest_route=\/wp\/v2\/users\/3"}],"replies":[{"embeddable":true,"href":"https:\/\/itotkd.org\/index.php?rest_route=%2Fwp%2Fv2%2Fcomments&post=2014"}],"version-history":[{"count":3,"href":"https:\/\/itotkd.org\/index.php?rest_route=\/wp\/v2\/pages\/2014\/revisions"}],"predecessor-version":[{"id":2095,"href":"https:\/\/itotkd.org\/index.php?rest_route=\/wp\/v2\/pages\/2014\/revisions\/2095"}],"up":[{"embeddable":true,"href":"https:\/\/itotkd.org\/index.php?rest_route=\/wp\/v2\/pages\/94"}],"wp:attachment":[{"href":"https:\/\/itotkd.org\/index.php?rest_route=%2Fwp%2Fv2%2Fmedia&parent=2014"}],"curies":[{"name":"wp","href":"https:\/\/api.w.org\/{rel}","templated":true}]}}