{"id":2002,"date":"2019-06-10T18:49:07","date_gmt":"2019-06-10T18:49:07","guid":{"rendered":"http:\/\/itotkd.org\/?page_id=2002"},"modified":"2019-08-05T20:18:19","modified_gmt":"2019-08-05T20:18:19","slug":"acerca-de-la-relacion-estudiante-e-instructor","status":"publish","type":"page","link":"https:\/\/itotkd.org\/?page_id=2002","title":{"rendered":"Acerca de la relaci\u00f3n estudiante e instructor"},"content":{"rendered":"<p><img loading=\"lazy\" decoding=\"async\" class=\"alignnone size-thumbnail wp-image-1999\" src=\"https:\/\/itotkd.org\/wp-content\/uploads\/foto-nota-acerca-de-la-relacion-Instructor-estudiante-150x150.jpg\" alt=\"\" width=\"150\" height=\"150\" \/><\/p>\n<p>Hay un frecuente mal entendido acerca de la relaci\u00f3n estudiante-instructor.<\/p>\n<p>Esta relaci\u00f3n demanda poner en claro algunos detalles para establecer la correcta interacci\u00f3n entre ambas partes.<\/p>\n<p>Hay una gran diferencia entre una persona que est\u00e1 practicando y un estudiante. Para ser estudiante de un Instructor o Maestro, el aprendiz debe sentir una particular identificaci\u00f3n con quien le ense\u00f1a, que sabe lo que el estudiante no, que sabe lo que el estudiante necesita y que es esperable tenga una personalidad y valores morales que el estudiante desea imitar y no solamente por una particular o muy buena condici\u00f3n para el combate deportivo.<\/p>\n<p>A quien solamente le atraen las habilidades de un instructor para la lucha, solo es una persona interesada en el aspecto combativo del arte. Esta gente solo necesita un coach o entrenador, no un Instructor o un Maestro.<\/p>\n<p>Lamentablemente la tendencia actual est\u00e1 te\u00f1ida por este comportamiento. Hoy en d\u00eda los objetivos deportivos parecen ser el principal sendero a seguir y conducen a cambiar de instructor tan r\u00e1pido como cambie la tendencia combativa, dejando de lado todo reconocimiento por la persona que ha ense\u00f1ado las bases del arte en su totalidad.<\/p>\n<p>La lealtad parece ser un valor perdido perteneciente a una \u00e9poca lejana. \u00a0\u00a0<strong>\u00a0\u00a0\u00a0\u00a0\u00a0\u00a0\u00a0\u00a0\u00a0\u00a0\u00a0\u00a0\u00a0\u00a0\u00a0\u00a0\u00a0\u00a0\u00a0\u00a0\u00a0\u00a0\u00a0\u00a0\u00a0\u00a0\u00a0\u00a0\u00a0<\/strong><\/p>\n<p>Este comportamiento no solamente aplica a los competidores. Hay una distorsionada consideraci\u00f3n acerca de la relaci\u00f3n estudiante-instructor alimentada por muchos Maestros y Grandes Maestros que consideran a todos los miembros de una particular instituci\u00f3n como sus estudiantes. Ellos solo son sus l\u00edderes institucionales pero no sus instructores.<\/p>\n<p>Si un Maestro o un Gran Maestro est\u00e1 dando un curso o un seminario, solo est\u00e1 exponiendo la teor\u00eda, las reglas y la biomec\u00e1nica con la intenci\u00f3n de establecer un criterio \u00fanico a seguir. La gente que atiende el evento son quienes deber\u00e1n aplicar el mandato institucional.<\/p>\n<p>Con pocas excepciones ellos no son los estudiantes de los Maestros o Grandes Maestros.<\/p>\n<p>Si un Maestro o un Gran Maestro est\u00e1 liderando una entidad con 1.000 miembros, no significa que todos sean sus estudiantes, solo son miembros de una particular instituci\u00f3n cuyas autoridades administrativas\u00a0 tienen la categor\u00eda de Maestro o Gran Maestro.<\/p>\n<p>Actualmente muchos Maestros y Grandes Maestros no son instructores activos. Aquellos que si lo son, tienen solamente un pu\u00f1ado de alumnos directos como cualquier otra persona que est\u00e1 ense\u00f1ando regularmente.<\/p>\n<p>La relaci\u00f3n estudiante-instructor es mucho m\u00e1s grande que el ocasional curso o seminario. Esta debe ser alimentada todos los d\u00edas en una correlaci\u00f3n que incluye comportamiento social y las caracter\u00edsticas filos\u00f3ficas del arte, m\u00e1s all\u00e1 del \u00e1rea deportiva y de los demandantes aspectos del entrenamiento.<\/p>\n<p>La relaci\u00f3n personal con el instructor directo, normalmente es m\u00e1s importante y necesaria para la evoluci\u00f3n del estudiante que cualquier otra alta jerarqu\u00eda que ocasionalmente dicta un curso o un seminario.<\/p>\n<p>Por lo dicho, elegir al Instructor adecuado no es tarea f\u00e1cil. Una vez que lo haya encontrado, no traicione la confianza que \u00e9l ha depositado en usted.<\/p>\n<p><strong><em>Senior Grand Master Ricardo Desimone <\/em><\/strong><\/p>\n<p><strong><em>IX Dan<\/em><\/strong><\/p>\n<p><span style=\"color: #0000ff;\"><em><strong>Para estar actualizado no deje de leer las notas anteriores\u00a0<\/strong><\/em><\/span><\/p>\n","protected":false},"excerpt":{"rendered":"<p>Hay un frecuente mal entendido acerca de la relaci\u00f3n estudiante-instructor. Esta relaci\u00f3n demanda poner en claro algunos detalles para establecer la correcta interacci\u00f3n entre ambas partes. Hay una gran diferencia entre una persona que est\u00e1 practicando y un estudiante. Para &hellip; <a href=\"https:\/\/itotkd.org\/?page_id=2002\">Sigue leyendo <span class=\"meta-nav\">&rarr;<\/span><\/a><\/p>\n","protected":false},"author":3,"featured_media":0,"parent":94,"menu_order":2,"comment_status":"closed","ping_status":"closed","template":"","meta":{"footnotes":""},"class_list":["post-2002","page","type-page","status-publish","hentry"],"_links":{"self":[{"href":"https:\/\/itotkd.org\/index.php?rest_route=\/wp\/v2\/pages\/2002","targetHints":{"allow":["GET"]}}],"collection":[{"href":"https:\/\/itotkd.org\/index.php?rest_route=\/wp\/v2\/pages"}],"about":[{"href":"https:\/\/itotkd.org\/index.php?rest_route=\/wp\/v2\/types\/page"}],"author":[{"embeddable":true,"href":"https:\/\/itotkd.org\/index.php?rest_route=\/wp\/v2\/users\/3"}],"replies":[{"embeddable":true,"href":"https:\/\/itotkd.org\/index.php?rest_route=%2Fwp%2Fv2%2Fcomments&post=2002"}],"version-history":[{"count":1,"href":"https:\/\/itotkd.org\/index.php?rest_route=\/wp\/v2\/pages\/2002\/revisions"}],"predecessor-version":[{"id":2003,"href":"https:\/\/itotkd.org\/index.php?rest_route=\/wp\/v2\/pages\/2002\/revisions\/2003"}],"up":[{"embeddable":true,"href":"https:\/\/itotkd.org\/index.php?rest_route=\/wp\/v2\/pages\/94"}],"wp:attachment":[{"href":"https:\/\/itotkd.org\/index.php?rest_route=%2Fwp%2Fv2%2Fmedia&parent=2002"}],"curies":[{"name":"wp","href":"https:\/\/api.w.org\/{rel}","templated":true}]}}