{"id":1597,"date":"2014-07-21T20:08:55","date_gmt":"2014-07-21T20:08:55","guid":{"rendered":"http:\/\/itotkd.org\/?page_id=1597"},"modified":"2016-10-31T22:43:15","modified_gmt":"2016-10-31T22:43:15","slug":"formas%e2%80%a6utilidad-y-necesidad-de-su-aprendizaje","status":"publish","type":"page","link":"https:\/\/itotkd.org\/?page_id=1597","title":{"rendered":"Formas\u2026Utilidad y necesidad de su aprendizaje"},"content":{"rendered":"<p><a href=\"https:\/\/itotkd.org\/wp-content\/uploads\/23.jpg\"><img loading=\"lazy\" decoding=\"async\" title=\"2\" src=\"https:\/\/itotkd.org\/wp-content\/uploads\/23-150x150.jpg\" alt=\"\" width=\"150\" height=\"150\" \/><\/a><a href=\"https:\/\/itotkd.org\/wp-content\/uploads\/31-e1405972300734.jpg\"><img loading=\"lazy\" decoding=\"async\" class=\"alignright size-thumbnail wp-image-1591\" title=\"PENTAX Image\" src=\"https:\/\/itotkd.org\/wp-content\/uploads\/31-150x150.jpg\" alt=\"\" width=\"150\" height=\"150\" \/><\/a><a href=\"https:\/\/itotkd.org\/wp-content\/uploads\/18.jpg\"><img loading=\"lazy\" decoding=\"async\" class=\"alignleft size-thumbnail wp-image-1610\" title=\"1\" src=\"https:\/\/itotkd.org\/wp-content\/uploads\/18-150x150.jpg\" alt=\"\" width=\"150\" height=\"150\" \/><\/a>\u00a0\u00a0<a href=\"https:\/\/itotkd.org\/wp-content\/uploads\/5.jpg\"><img loading=\"lazy\" decoding=\"async\" title=\"5\" src=\"https:\/\/itotkd.org\/wp-content\/uploads\/5-150x150.jpg\" alt=\"\" width=\"150\" height=\"150\" \/><\/a><br \/>\n<a href=\"https:\/\/itotkd.org\/wp-content\/uploads\/46-e1405972440749.jpg\"><img loading=\"lazy\" decoding=\"async\" title=\"4\" src=\"https:\/\/itotkd.org\/wp-content\/uploads\/46-150x150.jpg\" alt=\"\" width=\"150\" height=\"150\" \/><\/a><a href=\"https:\/\/itotkd.org\/wp-content\/uploads\/6.jpg\"><img loading=\"lazy\" decoding=\"async\" class=\"alignright size-thumbnail wp-image-1594\" title=\"6\" src=\"https:\/\/itotkd.org\/wp-content\/uploads\/6-150x150.jpg\" alt=\"\" width=\"150\" height=\"150\" \/><\/a><\/p>\n<p>Las formas son un medio eficaz de educar a nuestro cuerpo en el desarrollo de movimientos \u00a0para la defensa personal.<\/p>\n<p><strong>Es esencial comprender que se necesita un conocimiento te\u00f3rico y un entrenamiento que lo pueda llevar a la pr\u00e1ctica. TEORIA y PRACTICA son conceptos de validez rec\u00edproca, dos caras de una misma moneda<\/strong>. Los movimientos ejecutados sin un conocimiento apoyado en bases cient\u00edficas, no solo tienden a reducir el poder buscado, sino que son un desgaste energ\u00e9tico innecesario sin utilidad pr\u00e1ctica.<\/p>\n<p>El conocimiento te\u00f3rico sin el apoyo de la pr\u00e1ctica, solo es un excelente ejercicio intelectual pero sin posibilidad de uso en la defensa personal.<\/p>\n<p>No es coincidencia que todos los grandes Maestros de todas las artes marciales sin excepci\u00f3n, hayan dicho que sin el adecuado desarrollo de las formas es in\u00fatil pretender el completo dominio del arte, cualquiera fuese \u00e9ste.<\/p>\n<p>Sin el dominio de las formas y los principios que sustentan su desarrollo, todo lo dem\u00e1s es imposible. Estas fueron dise\u00f1adas de acuerdo a un estudio de las posibilidades f\u00edsicas y de coordinaci\u00f3n del alumnado, para un desarrollo progresivo del mismo.<\/p>\n<p>Nunca ejecute una forma mas avanzada \u00f3 de otro nivel que no sea el suyo, habr\u00e1 salteado pasos fundamentales que fueron creados para facilitar la evoluci\u00f3n y no para entorpecerla. Una forma prepara para la otra y facilita los ejercicios de enfrentamiento que las acompa\u00f1ar\u00e1n.<\/p>\n<p>Si bien el camino \u00f3 diagrama de cada forma hay que ejecutarlo y conocerlo, la verdadera importancia est\u00e1 en el cumplimiento de la adecuada mec\u00e1nica de los movimientos que la componen.<\/p>\n<p>Un punto importante a resaltar es, no considerar a las formas solamente un\u00a0 requisito para los ex\u00e1menes. Los movimientos en ellas involucrados, fueron creados para la defensa personal real, el m\u00e1s severo de los ex\u00e1menes.<\/p>\n<p>La iron\u00eda en la pr\u00e1ctica de las formas es, que cuando uno cree que las ha perfeccionado, lo que en realidad ha hecho es perfeccionarse uno mismo. Las formas no son vac\u00edas ni r\u00edgidas, nos llevan a mirar hacia adentro, utilizando lo de afuera.<\/p>\n<p>Es com\u00fan escuchar entre los practicantes, \u201cno s\u00e9 porqu\u00e9 tanta insistencia con el tema de las formas, no le veo utilidad pr\u00e1ctica. En el combate libre el manejo t\u00e9cnico es otro\u201d.<\/p>\n<p>La pregunta es \u00bfQu\u00e9 clase de combate libre?<\/p>\n<p>El tipo de enfrentamiento (combate) que normalmente se pone en marcha, es el combate libre deportivo. En esta faceta solo suelen aplicarse 6 \u00f3 7 t\u00e9cnicas que deben ser ejecutadas con suficiente control y dirigidas a zonas previamente demarcadas como l\u00edcitas, evitando todo tipo de contacto con lugares vulnerables para cuidar la integridad f\u00edsica del contendiente y permitir que Taekwon-do pueda \u201cadem\u00e1s\u201d, ser considerado un deporte.<\/p>\n<p>Taekwon-do naci\u00f3 como arte marcial y sus t\u00e9cnicas fueron dise\u00f1adas para este prop\u00f3sito. Aprender a golpear con los nudillos principales no es solo una insistencia del Instructor,sino la \u00fanica manera de alcanzar el objetivo buscado sin consecuencias personales.<\/p>\n<p>Buscar que el antebrazo externo tenga una ligera inclinaci\u00f3n hacia arriba al ejecutar un bloqueo ascendente, deja de ser una mera pretensi\u00f3n t\u00e9cnica para convertirse en la \u00fanica manera de hacer aplicable esta herramienta de defensa, como protecci\u00f3n de la cabeza frente a un ataque descendente dirigido a ella.<\/p>\n<p>Que el correcto uso de la verticalidad de la columna vertebral, no solo permitir\u00e1 un mejor manejo del equilibrio, sino que a su vez, facilitar\u00e1 el encadenamiento de diferentes herramientas, facilitando la fluidez de los movimientos en el combate continuado.<\/p>\n<p>Que la altura de las patadas es importante cuando tienen la altura del objetivo, el resto solo es exhibicionismo para la foto.<\/p>\n<p>Que la defensa personal real no tiene orden de comienzo, \u00e1reas que limitan su desenvolvimiento, ni \u00e1rbitros, ni jueces, ni reglas.<\/p>\n<p>Que para ser solventes en este aspecto, cualquiera de las casi 3200 t\u00e9cnicas que nutren Taekwon-do podr\u00e1n sernos \u00fatiles.<\/p>\n<p>Que en defensa personal el \u00fanico campe\u00f3n posible es el que resuelve el problema y que el \u00fanico trofeo es haber conservado el pellejo.<\/p>\n<p>Entonces aprender el correcto manejo de las 980 t\u00e9cnicas agrupadas en el desarrollo de las formas, deja de ser algo vac\u00edo para convertirse en el objetivo de todo practicante que seriamente desea evolucionar.<\/p>\n<p>Si se piensan las formas como un requisito a cumplir, las formas no tienen utilidad pr\u00e1ctica para quien as\u00ed piensa.<\/p>\n<p>Pero si se las considera parte importante del camino hacia la habilidad en defensa personal, todo esfuerzo invertido y todo conocimiento que se adquiere, ser\u00e1n realmente invalorables.<\/p>\n<p>Conoce Usted alg\u00fan otro camino para incorporar el manejo eficaz de las t\u00e9cnicas del Arte, su eficacia y diversidad?<\/p>\n<p><strong><em>\u00a0 \u00a0 \u00a0 \u00a0 \u00a0 \u00a0 \u00a0 \u00a0 \u00a0 \u00a0 \u00a0 \u00a0 Senior Grand Master Ricardo Desimone<\/em><\/strong><\/p>\n<p><strong><em>\u00a0 \u00a0 \u00a0 \u00a0 \u00a0 \u00a0 \u00a0 \u00a0 \u00a0 \u00a0 \u00a0 \u00a0 \u00a0 \u00a0 \u00a0 \u00a0 \u00a0 \u00a0 \u00a0 \u00a0 \u00a0 \u00a0 \u00a0 \u00a0 \u00a0 IX Dan \u00a0\u00a0<\/em><\/strong><\/p>\n<p><a href=\"https:\/\/itotkd.org\/wp-content\/uploads\/46-e1405972440749.jpg\"><br \/>\n<\/a><\/p>\n","protected":false},"excerpt":{"rendered":"<p>\u00a0\u00a0 Las formas son un medio eficaz de educar a nuestro cuerpo en el desarrollo de movimientos \u00a0para la defensa personal. Es esencial comprender que se necesita un conocimiento te\u00f3rico y un entrenamiento que lo pueda llevar a la pr\u00e1ctica. &hellip; <a href=\"https:\/\/itotkd.org\/?page_id=1597\">Sigue leyendo <span class=\"meta-nav\">&rarr;<\/span><\/a><\/p>\n","protected":false},"author":3,"featured_media":0,"parent":94,"menu_order":7,"comment_status":"closed","ping_status":"closed","template":"","meta":{"footnotes":""},"class_list":["post-1597","page","type-page","status-publish","hentry"],"_links":{"self":[{"href":"https:\/\/itotkd.org\/index.php?rest_route=\/wp\/v2\/pages\/1597","targetHints":{"allow":["GET"]}}],"collection":[{"href":"https:\/\/itotkd.org\/index.php?rest_route=\/wp\/v2\/pages"}],"about":[{"href":"https:\/\/itotkd.org\/index.php?rest_route=\/wp\/v2\/types\/page"}],"author":[{"embeddable":true,"href":"https:\/\/itotkd.org\/index.php?rest_route=\/wp\/v2\/users\/3"}],"replies":[{"embeddable":true,"href":"https:\/\/itotkd.org\/index.php?rest_route=%2Fwp%2Fv2%2Fcomments&post=1597"}],"version-history":[{"count":8,"href":"https:\/\/itotkd.org\/index.php?rest_route=\/wp\/v2\/pages\/1597\/revisions"}],"predecessor-version":[{"id":1853,"href":"https:\/\/itotkd.org\/index.php?rest_route=\/wp\/v2\/pages\/1597\/revisions\/1853"}],"up":[{"embeddable":true,"href":"https:\/\/itotkd.org\/index.php?rest_route=\/wp\/v2\/pages\/94"}],"wp:attachment":[{"href":"https:\/\/itotkd.org\/index.php?rest_route=%2Fwp%2Fv2%2Fmedia&parent=1597"}],"curies":[{"name":"wp","href":"https:\/\/api.w.org\/{rel}","templated":true}]}}