{"id":1407,"date":"2014-02-18T02:47:26","date_gmt":"2014-02-18T02:47:26","guid":{"rendered":"http:\/\/itotkd.org\/?page_id=1407"},"modified":"2014-09-15T22:00:31","modified_gmt":"2014-09-15T22:00:31","slug":"el-comienzo-por-todo-concepto","status":"publish","type":"page","link":"https:\/\/itotkd.org\/?page_id=1407","title":{"rendered":"El comienzo por todo concepto"},"content":{"rendered":"<p><a href=\"https:\/\/itotkd.org\/wp-content\/uploads\/9-e1392689368771.jpg\"><img loading=\"lazy\" decoding=\"async\" class=\"alignleft size-thumbnail wp-image-1402\" title=\"9\" src=\"https:\/\/itotkd.org\/wp-content\/uploads\/9-150x150.jpg\" alt=\"\" width=\"150\" height=\"150\" \/><\/a><a href=\"https:\/\/itotkd.org\/wp-content\/uploads\/12.jpg\"><img loading=\"lazy\" decoding=\"async\" title=\"12\" src=\"https:\/\/itotkd.org\/wp-content\/uploads\/12-150x150.jpg\" alt=\"\" width=\"150\" height=\"150\" \/><\/a>\u00a0\u00a0<a style=\"font-style: normal; line-height: 24.375px;\" href=\"https:\/\/itotkd.org\/wp-content\/uploads\/111-e1392689573652.jpg\"><img loading=\"lazy\" decoding=\"async\" title=\"11\" src=\"https:\/\/itotkd.org\/wp-content\/uploads\/111-150x150.jpg\" alt=\"\" width=\"150\" height=\"150\" \/><\/a><br \/>\n<a href=\"https:\/\/itotkd.org\/wp-content\/uploads\/3-e1392689019959.jpg\"><br \/>\n<\/a><a href=\"https:\/\/itotkd.org\/wp-content\/uploads\/3-e1392689019959.jpg\"><img loading=\"lazy\" decoding=\"async\" title=\"3\" src=\"https:\/\/itotkd.org\/wp-content\/uploads\/3-150x150.jpg\" alt=\"\" width=\"150\" height=\"150\" \/><\/a>\u00a0 <a href=\"https:\/\/itotkd.org\/wp-content\/uploads\/7-e1392689183583.jpg\"><img loading=\"lazy\" decoding=\"async\" class=\"alignnone size-thumbnail wp-image-1401\" title=\"7\" src=\"https:\/\/itotkd.org\/wp-content\/uploads\/7-150x150.jpg\" alt=\"\" width=\"150\" height=\"150\" \/><\/a>\u00a0 \u00a0<a href=\"https:\/\/itotkd.org\/wp-content\/uploads\/10-e1392689665871.jpg\"><img loading=\"lazy\" decoding=\"async\" class=\"alignnone size-thumbnail wp-image-1405\" title=\"10\" src=\"https:\/\/itotkd.org\/wp-content\/uploads\/10-150x150.jpg\" alt=\"\" width=\"150\" height=\"150\" \/><\/a><\/p>\n<p><a href=\"https:\/\/itotkd.org\/wp-content\/uploads\/13-e1392727101659.jpg\"><img loading=\"lazy\" decoding=\"async\" class=\"alignleft size-thumbnail wp-image-1421\" title=\"1\" src=\"https:\/\/itotkd.org\/wp-content\/uploads\/13-150x150.jpg\" alt=\"\" width=\"150\" height=\"150\" \/><\/a><a href=\"https:\/\/itotkd.org\/wp-content\/uploads\/4-e1392727215628.jpg\"><img loading=\"lazy\" decoding=\"async\" title=\"4\" src=\"https:\/\/itotkd.org\/wp-content\/uploads\/4-150x150.jpg\" alt=\"\" width=\"150\" height=\"150\" \/><\/a><\/p>\n<p>Mucha gente mostr\u00f3 inter\u00e9s en ser parte de la \u00fanica y tradicional Instituci\u00f3n basada en lo creado por el Fundador del Taekwon-do.<\/p>\n<p><strong><em>El Taekwon-do est\u00e1 donde est\u00e1 el conocimiento<\/em><\/strong> y este es el camino para convertirse en un experto en esta actividad. Sin pertenencia de raza y sin bander\u00edas. La International Taekwon-do Organization (<strong>ITO<\/strong>) satisface estos objetivos.<\/p>\n<p>Nuevos miembros demuestran su entusiasmo en ser parte de esta Instituci\u00f3n. El amplio espectro de edades de los nuevos estudiantes, sirven como un campo sediento de conocimientos para la transferencia de m\u00e1s de 46 a\u00f1os de experiencia pedag\u00f3gica.<\/p>\n<p>El archivo de fotos exhibido m\u00e1s arriba, es un ejemplo de c\u00f3mo un diverso grupo de individuos de variadas edades y niveles de entrenamiento, confluyen en una hermosa actividad.<\/p>\n<p>Aqu\u00ed el atributo m\u00e1s sobresaliente fue el deseo de aprender y alcanzar lo mejor de sus individuales capacidades usando un cient\u00edfico y avanzado m\u00e9todo de ense\u00f1anza.<\/p>\n<p>El tiempo de espera para el uso de sus uniformes oficiales de <strong>ITO<\/strong>, no impide que las ropas informales se conviertan en un obst\u00e1culo para el aprendizaje.<\/p>\n<p>&nbsp;<\/p>\n<p>&nbsp;<\/p>\n<p>&nbsp;<\/p>\n<p>&nbsp;<\/p>\n<p>&nbsp;<\/p>\n<p>&nbsp;<\/p>\n<p>&nbsp;<\/p>\n<p>&nbsp;<\/p>\n<p>&nbsp;<\/p>\n<p>&nbsp;<\/p>\n<p>&nbsp;<\/p>\n<p>&nbsp;<\/p>\n<p>&nbsp;<\/p>\n<p>&nbsp;<\/p>\n","protected":false},"excerpt":{"rendered":"<p>\u00a0\u00a0 \u00a0 \u00a0 \u00a0 Mucha gente mostr\u00f3 inter\u00e9s en ser parte de la \u00fanica y tradicional Instituci\u00f3n basada en lo creado por el Fundador del Taekwon-do. El Taekwon-do est\u00e1 donde est\u00e1 el conocimiento y este es el camino para convertirse &hellip; <a href=\"https:\/\/itotkd.org\/?page_id=1407\">Sigue leyendo <span class=\"meta-nav\">&rarr;<\/span><\/a><\/p>\n","protected":false},"author":3,"featured_media":0,"parent":94,"menu_order":6,"comment_status":"closed","ping_status":"closed","template":"","meta":{"footnotes":""},"class_list":["post-1407","page","type-page","status-publish","hentry"],"_links":{"self":[{"href":"https:\/\/itotkd.org\/index.php?rest_route=\/wp\/v2\/pages\/1407","targetHints":{"allow":["GET"]}}],"collection":[{"href":"https:\/\/itotkd.org\/index.php?rest_route=\/wp\/v2\/pages"}],"about":[{"href":"https:\/\/itotkd.org\/index.php?rest_route=\/wp\/v2\/types\/page"}],"author":[{"embeddable":true,"href":"https:\/\/itotkd.org\/index.php?rest_route=\/wp\/v2\/users\/3"}],"replies":[{"embeddable":true,"href":"https:\/\/itotkd.org\/index.php?rest_route=%2Fwp%2Fv2%2Fcomments&post=1407"}],"version-history":[{"count":12,"href":"https:\/\/itotkd.org\/index.php?rest_route=\/wp\/v2\/pages\/1407\/revisions"}],"predecessor-version":[{"id":1640,"href":"https:\/\/itotkd.org\/index.php?rest_route=\/wp\/v2\/pages\/1407\/revisions\/1640"}],"up":[{"embeddable":true,"href":"https:\/\/itotkd.org\/index.php?rest_route=\/wp\/v2\/pages\/94"}],"wp:attachment":[{"href":"https:\/\/itotkd.org\/index.php?rest_route=%2Fwp%2Fv2%2Fmedia&parent=1407"}],"curies":[{"name":"wp","href":"https:\/\/api.w.org\/{rel}","templated":true}]}}